{"id":17866,"date":"2026-04-28T08:05:28","date_gmt":"2026-04-28T08:05:28","guid":{"rendered":"https:\/\/wolinoakcask.com\/?post_type=product&#038;p=17866"},"modified":"2026-04-28T08:05:29","modified_gmt":"2026-04-28T08:05:29","slug":"barrel-stopper-hammer","status":"publish","type":"product","link":"https:\/\/wolinoakcask.com\/vi\/san-pham\/barrel-stopper-hammer\/","title":{"rendered":"B\u00faa \u0111\u00f3ng n\u00fat th\u00f9ng"},"content":{"rendered":"<p>Vi\u1ec7c m\u1edf v\u00e0 \u0111\u00f3ng th\u00f9ng g\u1ed7 s\u1ed3i ph\u1ea3i th\u1eadt \u0111\u01a1n gi\u1ea3n, kh\u00f4ng n\u00ean l\u00e0 m\u1ed9t vi\u1ec7c v\u1ea5t v\u1ea3. B\u00faa \u0111\u00f3ng n\u1eafp th\u00f9ng b\u1eb1ng gang c\u1ee7a ch\u00fang t\u00f4i k\u1ebft h\u1ee3p hai c\u00f4ng vi\u1ec7c thi\u1ebft y\u1ebfu th\u00e0nh m\u1ed9t c\u00f4ng c\u1ee5 th\u00f4ng minh: r\u00fat c\u00e1c n\u00fat g\u1ed7 ho\u1eb7c silicone b\u1ecb k\u1eb9t ra v\u00e0 g\u00f5 nh\u1eb9 \u0111\u1ec3 \u0111\u1ea9y ch\u00fang tr\u1edf l\u1ea1i v\u1ecb tr\u00ed. Ph\u1ea7n ren d\u01b0\u1edbi v\u1eb7n ch\u1eb7t v\u00e0o n\u00fat; \u0111\u1ea7u b\u00faa n\u1eb7ng cung c\u1ea5p l\u1ef1c c\u1ea7n thi\u1ebft \u0111\u1ec3 k\u00e9o ra m\u1ed9t c\u00e1ch tr\u01a1n tru. Khi c\u1ea7n \u0111\u00f3ng l\u1ea1i th\u00f9ng, ch\u1ec9 c\u1ea7n l\u1eadt c\u00f4ng c\u1ee5 v\u00e0 d\u00f9ng m\u1eb7t b\u00faa \u0111\u1ec3 g\u00f5 nh\u1eb9 n\u00fat tr\u1edf l\u1ea1i v\u1ecb tr\u00ed. Kh\u00f4ng c\u00f2n ph\u1ea3i d\u00f9ng l\u1ef1c, l\u00e0m h\u1ecfng ho\u1eb7c t\u00ecm ki\u1ebfm c\u00e1c c\u00f4ng c\u1ee5 ri\u00eang bi\u1ec7t n\u1eefa.<\/p>","protected":false},"excerpt":{"rendered":"<p>\u0110\u1ea7u v\u00edt t\u00edch h\u1ee3p<br \/>\nV\u00edt c\u00f3 \u0111\u1ea7u nh\u1ecdn v\u00e0 ren th\u00f4 (d\u00e0i kho\u1ea3ng 30\u201340 mm) c\u1eafm ch\u1eafc ch\u1eafn v\u00e0o n\u00fat g\u1ed7 ho\u1eb7c n\u00fat nh\u1ef1a. Ph\u00f9 h\u1ee3p v\u1edbi c\u00e1c lo\u1ea1i n\u00fat c\u00f3 h\u00ecnh n\u00f3n (\u0111\u01b0\u1eddng k\u00ednh ti\u00eau chu\u1ea9n 20\u201325 mm).<\/p>\n<p>\u0110\u1ea7u b\u00faa b\u1eb1ng gang n\u1eb7ng<br \/>\n\u0110\u1ea7u c\u00f3 tr\u1ecdng l\u01b0\u1ee3ng (kho\u1ea3ng 0,8\u20131,2 kg) t\u1ea1o ra l\u1ef1c qu\u00e1n t\u00ednh \u0111\u1ee7 m\u1ea1nh \u0111\u1ec3 k\u00e9o c\u1ea3 nh\u1eefng n\u00fat chai c\u1ee9ng \u0111\u1ea7u nh\u1ea5t. Ch\u1ec9 c\u1ea7n xoay r\u1ed3i k\u00e9o \u2013 ph\u1ea7n c\u00f2n l\u1ea1i s\u1ebd do tr\u1ecdng l\u01b0\u1ee3ng lo li\u1ec7u.<\/p>\n<p>M\u1eb7t b\u00faa d\u00f9ng \u0111\u1ec3 khoan l\u1ed7<br \/>\nM\u1eb7t ph\u1eb3ng, nh\u1eb5n \u1edf ph\u00eda \u0111\u1ed1i di\u1ec7n c\u1ee7a \u0111\u1ea7u. D\u00f9ng m\u1eb7t n\u00e0y \u0111\u1ec3 g\u00f5 nh\u1eb9 n\u00fat chai v\u00e0o l\u1ed7 chai sau khi l\u1ea5y m\u1eabu.<\/p>\n<p>Thi\u1ebft k\u1ebf li\u1ec1n kh\u1ed1i b\u1ec1n b\u1ec9<br \/>\nL\u00e0m b\u1eb1ng s\u1eaft r\u00e8n ho\u1eb7c gang, c\u00f3 \u0111\u1ea7u v\u00edt b\u1eb1ng th\u00e9p \u2013 \u0111\u01b0\u1ee3c thi\u1ebft k\u1ebf \u0111\u1ec3 ch\u1ecbu \u0111\u01b0\u1ee3c \u0111i\u1ec1u ki\u1ec7n trong h\u1ea7m r\u01b0\u1ee3u.<\/p>\n<p>C\u1ea3m gi\u00e1c c\u1ea7m n\u1eafm tho\u1ea3i m\u00e1i<br \/>\nTay c\u1ea7m thi\u1ebft k\u1ebf theo nguy\u00ean t\u1eafc c\u00f4ng th\u00e1i h\u1ecdc (b\u1eb1ng g\u1ed7 ho\u1eb7c th\u00e9p b\u1ecdc cao su) gi\u00fap c\u1ea7m n\u1eafm ch\u1eafc ch\u1eafn khi k\u00e9o ho\u1eb7c g\u00f5.<\/p>\n<p>L\u1edbp ph\u1ee7 ch\u1ed1ng \u0103n m\u00f2n<br \/>\nL\u1edbp s\u01a1n t\u0129nh \u0111i\u1ec7n m\u00e0u \u0111en ho\u1eb7c l\u1edbp ho\u00e0n thi\u1ec7n b\u1eb1ng d\u1ea7u \u2013 c\u00f3 kh\u1ea3 n\u0103ng ch\u1ed1ng \u1ea9m v\u00e0 h\u01a1i r\u01b0\u1ee3u vang\/whiskey.<\/p>","protected":false},"featured_media":17867,"comment_status":"open","ping_status":"closed","template":"","meta":[],"product_brand":[118],"product_cat":[136,140],"product_tag":[247,245,246,248,251,250,249],"class_list":{"0":"post-17866","1":"product","2":"type-product","3":"status-publish","4":"has-post-thumbnail","6":"product_brand-wolin","7":"product_cat-other","8":"product_cat-tool","9":"product_tag-barrel-bung-remover-tool","10":"product_tag-barrel-stopper-hammer","11":"product_tag-bunghole-cork-puller","12":"product_tag-cast-iron-barrel-tool","13":"product_tag-cooperage-tapping-hammer","14":"product_tag-distillery-bung-hammer","15":"product_tag-wine-barrel-hammer-corkscrew","17":"first","18":"instock","19":"shipping-taxable","20":"purchasable","21":"product-type-simple"},"_links":{"self":[{"href":"https:\/\/wolinoakcask.com\/vi\/wp-json\/wp\/v2\/product\/17866","targetHints":{"allow":["GET"]}}],"collection":[{"href":"https:\/\/wolinoakcask.com\/vi\/wp-json\/wp\/v2\/product"}],"about":[{"href":"https:\/\/wolinoakcask.com\/vi\/wp-json\/wp\/v2\/types\/product"}],"replies":[{"embeddable":true,"href":"https:\/\/wolinoakcask.com\/vi\/wp-json\/wp\/v2\/comments?post=17866"}],"version-history":[{"count":1,"href":"https:\/\/wolinoakcask.com\/vi\/wp-json\/wp\/v2\/product\/17866\/revisions"}],"predecessor-version":[{"id":17868,"href":"https:\/\/wolinoakcask.com\/vi\/wp-json\/wp\/v2\/product\/17866\/revisions\/17868"}],"wp:featuredmedia":[{"embeddable":true,"href":"https:\/\/wolinoakcask.com\/vi\/wp-json\/wp\/v2\/media\/17867"}],"wp:attachment":[{"href":"https:\/\/wolinoakcask.com\/vi\/wp-json\/wp\/v2\/media?parent=17866"}],"wp:term":[{"taxonomy":"product_brand","embeddable":true,"href":"https:\/\/wolinoakcask.com\/vi\/wp-json\/wp\/v2\/product_brand?post=17866"},{"taxonomy":"product_cat","embeddable":true,"href":"https:\/\/wolinoakcask.com\/vi\/wp-json\/wp\/v2\/product_cat?post=17866"},{"taxonomy":"product_tag","embeddable":true,"href":"https:\/\/wolinoakcask.com\/vi\/wp-json\/wp\/v2\/product_tag?post=17866"}],"curies":[{"name":"wp","href":"https:\/\/api.w.org\/{rel}","templated":true}]}}