{"id":17863,"date":"2026-04-28T07:48:02","date_gmt":"2026-04-28T07:48:02","guid":{"rendered":"https:\/\/wolinoakcask.com\/?post_type=product&#038;p=17863"},"modified":"2026-04-28T07:48:02","modified_gmt":"2026-04-28T07:48:02","slug":"stainless-steel-barrel-thief","status":"publish","type":"product","link":"https:\/\/wolinoakcask.com\/vi\/san-pham\/stainless-steel-barrel-thief\/","title":{"rendered":"D\u1ee5ng c\u1ee5 l\u1ea5y m\u1eabu th\u00f9ng th\u00e9p kh\u00f4ng g\u1ec9"},"content":{"rendered":"<p>Vi\u1ec7c l\u1ea5y m\u1eabu r\u01b0\u1ee3u vang ho\u1eb7c r\u01b0\u1ee3u m\u1ea1nh tr\u1ef1c ti\u1ebfp t\u1eeb th\u00f9ng g\u1ed7 s\u1ed3i \u0111\u00f2i h\u1ecfi m\u1ed9t d\u1ee5ng c\u1ee5 s\u1ea1ch s\u1ebd, d\u1ec5 s\u1eed d\u1ee5ng v\u00e0 an to\u00e0n \u2013 m\u1ed9t d\u1ee5ng c\u1ee5 kh\u00f4ng b\u1ecb r\u01a1i m\u1ea5t v\u00e0o trong th\u00f9ng. D\u1ee5ng c\u1ee5 l\u1ea5y m\u1eabu th\u00f9ng g\u1ed7 s\u1ed3i b\u1eb1ng th\u00e9p kh\u00f4ng g\u1ec9 k\u00e9o d\u00e0i c\u1ee7a ch\u00fang t\u00f4i l\u00e0 phi\u00ean b\u1ea3n c\u1ea3i ti\u1ebfn c\u1ee7a d\u1ee5ng c\u1ee5 \u201cl\u1ea5y m\u1eabu r\u01b0\u1ee3u\u201d truy\u1ec1n th\u1ed1ng, \u0111\u01b0\u1ee3c thi\u1ebft k\u1ebf l\u1ea1i d\u00e0nh cho c\u00e1c x\u01b0\u1edfng \u0111\u00f3ng th\u00f9ng v\u00e0 nh\u00e0 m\u00e1y r\u01b0\u1ee3u hi\u1ec7n \u0111\u1ea1i. \u1ed0ng d\u00e0i \u0111\u1eb7c bi\u1ec7t c\u00f3 th\u1ec3 th\u00e2m nh\u1eadp s\u00e2u v\u00e0o c\u00e1c th\u00f9ng g\u1ed7 s\u1ed3i m\u1ecdi k\u00edch c\u1ee1, trong khi c\u00e1nh tay ngang \u0111\u1ed9c \u0111\u00e1o m\u00f3c v\u00e0o vi\u1ec1n l\u1ed7 th\u00f9ng, ng\u0103n ng\u1eeba vi\u1ec7c r\u01a1i r\u1edbt v\u00f4 \u00fd. C\u01a1 ch\u1ebf \u0111i\u1ec1u khi\u1ec3n b\u1eb1ng ng\u00f3n tay \u1edf \u0111\u1ea7u cho ph\u00e9p b\u1ea1n l\u1ea5y v\u00e0 th\u1ea3 ch\u1ea5t l\u1ecfng v\u1edbi s\u1ef1 ki\u1ec3m so\u00e1t tuy\u1ec7t \u0111\u1ed1i.<\/p>","protected":false},"excerpt":{"rendered":"<p>Chi\u1ec1u d\u00e0i \u1ed1ng m\u1edf r\u1ed9ng 41 cm. C\u00f3 th\u1ec3 \u0111\u1eb7t h\u00e0ng theo chi\u1ec1u d\u00e0i t\u00f9y ch\u1ec9nh.<\/p>\n<p>C\u00e1nh tay ngang ch\u1ed1ng r\u01a1i<br \/>\nM\u1ed9t ph\u1ea7n nh\u00f4 ra \u1edf ph\u00eda tr\u00ean \u0111\u01b0\u1ee3c \u0111\u1eb7t ch\u1eafc ch\u1eafn tr\u00ean m\u00e9p l\u1ed7 th\u00e1o n\u00fat th\u00f9ng. Kh\u00f4ng lo d\u1ee5ng c\u1ee5 l\u1ea5y m\u1eabu s\u1ebd r\u01a1i v\u00e0o th\u00f9ng \u2013 ngay c\u1ea3 khi b\u1ea1n \u0111ang b\u1eadn tay.<\/p>\n<p>C\u1ed5ng ch\u00e2n kh\u00f4ng \u0111i\u1ec1u khi\u1ec3n b\u1eb1ng ng\u00f3n tay<br \/>\nN\u1eafp m\u1edf \u1edf \u0111\u1ea7u: d\u00f9ng ng\u00f3n c\u00e1i b\u1ecbt k\u00edn n\u1eafp \u0111\u1ec3 gi\u1eef ch\u1ea5t l\u1ecfng b\u00ean trong \u1ed1ng. Nh\u1ea5c ng\u00f3n c\u00e1i ra \u0111\u1ec3 ch\u1ea5t l\u1ecfng ch\u1ea3y ra. \u0110\u01a1n gi\u1ea3n v\u00e0 ch\u00ednh x\u00e1c.<\/p>\n<p>M\u1ecbn m\u00e0ng, mi\u1ec7ng \u0111\u00e1y tr\u00f2n<br \/>\n\u0110\u1ea7u v\u00e0o th\u00f9ng m\u1ec1m m\u1ea1i; kh\u00f4ng c\u00f3 c\u1ea1nh s\u1eafc c\u00f3 th\u1ec3 l\u00e0m h\u1ecfng c\u00e1c thanh g\u1ed7 ho\u1eb7c tay b\u1ea1n.<\/p>\n<p>Th\u00e9p kh\u00f4ng g\u1ec9 ch\u1ea5t l\u01b0\u1ee3ng cao<br \/>\nTi\u00eau chu\u1ea9n th\u00e9p kh\u00f4ng g\u1ec9 304 (lo\u1ea1i d\u00f9ng trong th\u1ef1c ph\u1ea9m). B\u1ec1 m\u1eb7t b\u00ean trong v\u00e0 b\u00ean ngo\u00e0i \u0111\u01b0\u1ee3c \u0111\u00e1nh b\u00f3ng \u2013 d\u1ec5 d\u00e0ng v\u1ec7 sinh v\u00e0 ti\u1ec7t tr\u00f9ng.<\/p>","protected":false},"featured_media":17864,"comment_status":"open","ping_status":"closed","template":"","meta":[],"product_brand":[118],"product_cat":[136,140],"product_tag":[241,240,242,243,239,238,244],"class_list":{"0":"post-17863","1":"product","2":"type-product","3":"status-publish","4":"has-post-thumbnail","6":"product_brand-wolin","7":"product_cat-other","8":"product_cat-tool","9":"product_tag-anti-drop-barrel-thief","10":"product_tag-barrel-sampler-tool","11":"product_tag-cooperage-sampling-tool","12":"product_tag-extended-spirit-thief","13":"product_tag-long-wine-thief-with-hook","14":"product_tag-stainless-steel-barrel-thief","15":"product_tag-winery-sampling-thief","17":"first","18":"instock","19":"shipping-taxable","20":"purchasable","21":"product-type-simple"},"_links":{"self":[{"href":"https:\/\/wolinoakcask.com\/vi\/wp-json\/wp\/v2\/product\/17863","targetHints":{"allow":["GET"]}}],"collection":[{"href":"https:\/\/wolinoakcask.com\/vi\/wp-json\/wp\/v2\/product"}],"about":[{"href":"https:\/\/wolinoakcask.com\/vi\/wp-json\/wp\/v2\/types\/product"}],"replies":[{"embeddable":true,"href":"https:\/\/wolinoakcask.com\/vi\/wp-json\/wp\/v2\/comments?post=17863"}],"version-history":[{"count":1,"href":"https:\/\/wolinoakcask.com\/vi\/wp-json\/wp\/v2\/product\/17863\/revisions"}],"predecessor-version":[{"id":17865,"href":"https:\/\/wolinoakcask.com\/vi\/wp-json\/wp\/v2\/product\/17863\/revisions\/17865"}],"wp:featuredmedia":[{"embeddable":true,"href":"https:\/\/wolinoakcask.com\/vi\/wp-json\/wp\/v2\/media\/17864"}],"wp:attachment":[{"href":"https:\/\/wolinoakcask.com\/vi\/wp-json\/wp\/v2\/media?parent=17863"}],"wp:term":[{"taxonomy":"product_brand","embeddable":true,"href":"https:\/\/wolinoakcask.com\/vi\/wp-json\/wp\/v2\/product_brand?post=17863"},{"taxonomy":"product_cat","embeddable":true,"href":"https:\/\/wolinoakcask.com\/vi\/wp-json\/wp\/v2\/product_cat?post=17863"},{"taxonomy":"product_tag","embeddable":true,"href":"https:\/\/wolinoakcask.com\/vi\/wp-json\/wp\/v2\/product_tag?post=17863"}],"curies":[{"name":"wp","href":"https:\/\/api.w.org\/{rel}","templated":true}]}}