{"id":17856,"date":"2026-04-27T08:47:54","date_gmt":"2026-04-27T08:47:54","guid":{"rendered":"https:\/\/wolinoakcask.com\/?post_type=product&#038;p=17856"},"modified":"2026-04-27T08:47:54","modified_gmt":"2026-04-27T08:47:54","slug":"oak-barrel-coaster-set","status":"publish","type":"product","link":"https:\/\/wolinoakcask.com\/vi\/san-pham\/oak-barrel-coaster-set\/","title":{"rendered":"B\u1ed9 \u0111\u1ebf l\u00f3t ly b\u1eb1ng g\u1ed7 s\u1ed3i"},"content":{"rendered":"<p>H\u00e3y \u0111\u1ec3 ly \u0111\u1ed3 u\u1ed1ng c\u1ee7a kh\u00e1ch m\u1eddi \u0111\u01b0\u1ee3c \u0111\u1eb7t tr\u00ean m\u1ed9t m\u1ea3nh l\u1ecbch s\u1eed. B\u1ed9 \u0111\u1ebf l\u00f3t ly l\u00e0m t\u1eeb th\u00f9ng g\u1ed7 s\u1ed3i t\u00e1i ch\u1ebf c\u1ee7a ch\u00fang t\u00f4i \u0111\u01b0\u1ee3c ch\u1ebf t\u00e1c th\u1ee7 c\u00f4ng t\u1eeb nh\u1eefng thanh g\u1ed7 nguy\u00ean b\u1ea3n c\u1ee7a th\u00f9ng r\u01b0\u1ee3u vang, whisky ho\u1eb7c bourbon. M\u1ed7i chi\u1ebfc \u0111\u1ebf l\u00f3t ly \u0111\u1ec1u mang nh\u1eefng v\u00e2n g\u1ed7 t\u1ef1 nhi\u00ean \u0111\u00e3 qua qu\u00e1 tr\u00ecnh s\u1ea5y, nh\u1eefng v\u1ebft \u1ed1 m\u00e0u r\u01b0\u1ee3u vang \u0111\u1eadm \u0111\u00e0 ho\u1eb7c nh\u1eefng v\u1ebft ch\u00e1y x\u00e9m t\u1eeb nhi\u1ec1u n\u0103m \u1ee7 r\u01b0\u1ee3u m\u1ea1nh th\u01b0\u1ee3ng h\u1ea1ng. \u0110\u01b0\u1ee3c b\u00e1n theo b\u1ed9 hai ho\u1eb7c b\u1ed1n chi\u1ebfc, nh\u1eefng chi\u1ebfc \u0111\u1ebf l\u00f3t ly n\u00e0y kh\u00f4ng ch\u1ec9 b\u1ea3o v\u1ec7 m\u1eb7t b\u00e0n m\u00e0 c\u00f2n mang \u0111\u1ebfn n\u00e9t quy\u1ebfn r\u0169 m\u1ed9c m\u1ea1c c\u1ee7a nh\u00e0 m\u00e1y ch\u01b0ng c\u1ea5t cho b\u1ea5t k\u1ef3 qu\u1ea7y bar t\u1ea1i nh\u00e0, b\u00e0n c\u00e0 ph\u00ea hay ph\u00f2ng th\u1eed r\u01b0\u1ee3u n\u00e0o.<\/p>","protected":false},"excerpt":{"rendered":"<p>C\u00e1c t\u00ednh n\u0103ng ch\u00ednh<br \/>\nG\u1ed7 th\u00f9ng nguy\u00ean b\u1ea3n<br \/>\n\u0110\u01b0\u1ee3c l\u00e0m t\u1eeb c\u00e1c thanh g\u1ed7 th\u00f9ng s\u1ed3i M\u1ef9 ho\u1eb7c Ph\u00e1p, v\u1edbi \u0111\u01b0\u1eddng cong t\u1ef1 nhi\u00ean (h\u01a1i l\u00f5m\/l\u1ed3i) t\u1ea1o n\u00ean n\u00e9t \u0111\u1eb7c tr\u01b0ng ri\u00eang.<\/p>\n<p>C\u00e1c v\u1ebft tr\u1ea7y x\u01b0\u1edbc tr\u00ean n\u00f2ng s\u00fang<br \/>\nC\u00f3 th\u1ec3 bao g\u1ed3m h\u01b0\u01a1ng v\u1ecb b\u00e1nh m\u00ec n\u01b0\u1edbng nguy\u00ean b\u1ea3n, h\u01b0\u01a1ng v\u1ecb r\u01b0\u1ee3u vang \u0111\u1ecf th\u1ea5m \u0111\u1eabm, ho\u1eb7c h\u01b0\u01a1ng v\u1ecb g\u1ed7 s\u1ed3i t\u1eeb th\u00f9ng \u1ee7 bourbon \u2013 minh ch\u1ee9ng cho s\u1ef1 ch\u00ednh th\u1ed1ng.<\/p>\n<p>B\u1ec1n v\u00e0 th\u1ea5m h\u00fat t\u1ed1t<br \/>\nG\u1ed7 s\u1ed3i c\u00f3 \u0111\u1ed9 \u0111\u1eb7c t\u1ef1 nhi\u00ean nh\u01b0ng v\u1eabn c\u00f3 kh\u1ea3 n\u0103ng th\u1ea5m h\u00fat, gi\u00fap gi\u1eef l\u1ea1i h\u01a1i n\u01b0\u1edbc ng\u01b0ng t\u1ee5 m\u00e0 kh\u00f4ng b\u00e1m d\u00ednh v\u00e0o \u0111\u00e1y chai th\u1ee7y tinh.<\/p>\n<p>Mi\u1ebfng l\u00f3t b\u1ea3o v\u1ec7 ch\u00e2n<br \/>\nNh\u1eefng mi\u1ebfng \u0111\u1ec7m nh\u1ecf b\u1eb1ng n\u00fat chai ho\u1eb7c cao su \u1edf m\u1eb7t d\u01b0\u1edbi gi\u00fap tr\u00e1nh l\u00e0m x\u01b0\u1edbc b\u1ec1 m\u1eb7t v\u00e0 \u0111\u1ea3m b\u1ea3o \u0111\u1ed9 \u1ed5n \u0111\u1ecbnh.<\/p>\n<p>L\u1edbp ph\u1ee7 b\u1ea3o v\u1ec7<br \/>\n\u0110\u01b0\u1ee3c ph\u1ee7 m\u1ed9t l\u1edbp s\u01a1n m\u1edd an to\u00e0n cho th\u1ef1c ph\u1ea9m ho\u1eb7c s\u00e1p t\u1ef1 nhi\u00ean \u2013 d\u1ec5 lau ch\u00f9i.<\/p>\n<p>K\u00edch th\u01b0\u1edbc linh ho\u1ea1t<br \/>\nC\u00f3 s\u1eb5n d\u01b0\u1edbi d\u1ea1ng mi\u1ebfng l\u00f3t ly \u0111\u01a1n l\u1ebb, b\u1ed9 hai chi\u1ebfc (\u0111\u1eb7t c\u1ea1nh nhau d\u00e0nh cho c\u1eb7p \u0111\u00f4i) ho\u1eb7c b\u1ed9 b\u1ed1n chi\u1ebfc (d\u00e0nh cho gia \u0111\u00ecnh ho\u1eb7c c\u00e1c bu\u1ed5i t\u1ee5 t\u1eadp nh\u1ecf).<\/p>","protected":false},"featured_media":17857,"comment_status":"open","ping_status":"closed","template":"","meta":[],"product_brand":[118],"product_cat":[221,136],"product_tag":[235,234,237,236,233,230,232,231],"class_list":{"0":"post-17856","1":"product","2":"type-product","3":"status-publish","4":"has-post-thumbnail","6":"product_brand-wolin","7":"product_cat-furniture","8":"product_cat-other","9":"product_tag-barrel-stave-coasters","10":"product_tag-distillery-coasters","11":"product_tag-eco-friendly-coasters","12":"product_tag-gift-for-wine-lover","13":"product_tag-reclaimed-wood-coasters","14":"product_tag-upcycled-oak-barrel-coasters","15":"product_tag-whiskey-barrel-coasters","16":"product_tag-wine-barrel-coasters-set-of-4","18":"first","19":"instock","20":"shipping-taxable","21":"purchasable","22":"product-type-simple"},"_links":{"self":[{"href":"https:\/\/wolinoakcask.com\/vi\/wp-json\/wp\/v2\/product\/17856","targetHints":{"allow":["GET"]}}],"collection":[{"href":"https:\/\/wolinoakcask.com\/vi\/wp-json\/wp\/v2\/product"}],"about":[{"href":"https:\/\/wolinoakcask.com\/vi\/wp-json\/wp\/v2\/types\/product"}],"replies":[{"embeddable":true,"href":"https:\/\/wolinoakcask.com\/vi\/wp-json\/wp\/v2\/comments?post=17856"}],"version-history":[{"count":1,"href":"https:\/\/wolinoakcask.com\/vi\/wp-json\/wp\/v2\/product\/17856\/revisions"}],"predecessor-version":[{"id":17862,"href":"https:\/\/wolinoakcask.com\/vi\/wp-json\/wp\/v2\/product\/17856\/revisions\/17862"}],"wp:featuredmedia":[{"embeddable":true,"href":"https:\/\/wolinoakcask.com\/vi\/wp-json\/wp\/v2\/media\/17857"}],"wp:attachment":[{"href":"https:\/\/wolinoakcask.com\/vi\/wp-json\/wp\/v2\/media?parent=17856"}],"wp:term":[{"taxonomy":"product_brand","embeddable":true,"href":"https:\/\/wolinoakcask.com\/vi\/wp-json\/wp\/v2\/product_brand?post=17856"},{"taxonomy":"product_cat","embeddable":true,"href":"https:\/\/wolinoakcask.com\/vi\/wp-json\/wp\/v2\/product_cat?post=17856"},{"taxonomy":"product_tag","embeddable":true,"href":"https:\/\/wolinoakcask.com\/vi\/wp-json\/wp\/v2\/product_tag?post=17856"}],"curies":[{"name":"wp","href":"https:\/\/api.w.org\/{rel}","templated":true}]}}