{"id":17848,"date":"2026-04-27T08:28:44","date_gmt":"2026-04-27T08:28:44","guid":{"rendered":"https:\/\/wolinoakcask.com\/?post_type=product&#038;p=17848"},"modified":"2026-04-27T08:28:45","modified_gmt":"2026-04-27T08:28:45","slug":"oak-barrel-chair","status":"publish","type":"product","link":"https:\/\/wolinoakcask.com\/vi\/san-pham\/oak-barrel-chair\/","title":{"rendered":"Gh\u1ebf th\u00f9ng g\u1ed7 s\u1ed3i"},"content":{"rendered":"<p>M\u1ed7i th\u00f9ng g\u1ed7 s\u1ed3i \u0111\u1ec1u k\u1ec3 m\u1ed9t c\u00e2u chuy\u1ec7n \u2013 v\u1ec1 r\u01b0\u1ee3u vang th\u01b0\u1ee3ng h\u1ea1ng, r\u01b0\u1ee3u whisky \u1ee7 l\u00e2u n\u0103m v\u00e0 d\u00f2ng ch\u1ea3y ch\u1eadm r\u00e3i c\u1ee7a th\u1eddi gian. Khi nh\u1eefng chi\u1ebfc th\u00f9ng n\u00e0y k\u1ebft th\u00fac v\u00f2ng \u0111\u1eddi s\u1eed d\u1ee5ng ban \u0111\u1ea7u, ch\u00fang t\u00f4i mang \u0111\u1ebfn cho ch\u00fang m\u1ed9t ch\u01b0\u01a1ng m\u1edbi. Chi\u1ebfc gh\u1ebf Upcycled Oak Barrel Chair c\u1ee7a ch\u00fang t\u00f4i bi\u1ebfn nh\u1eefng th\u00f9ng r\u01b0\u1ee3u vang ho\u1eb7c r\u01b0\u1ee3u m\u1ea1nh ch\u00ednh h\u00e3ng th\u00e0nh nh\u1eefng chi\u1ebfc gh\u1ebf ng\u1ed3i \u0111\u1eb9p m\u1eaft v\u00e0 b\u1ec1n b\u1ec9. M\u1ed7i chi\u1ebfc gh\u1ebf \u0111\u1ec1u gi\u1eef nguy\u00ean b\u1ec1 m\u1eb7t b\u00ean trong b\u1ecb ch\u00e1y t\u1ef1 nhi\u00ean, v\u00e2n g\u1ed7 n\u00e2u s\u1eabm v\u00e0 c\u00e1c chi ti\u1ebft v\u00f2ng kim lo\u1ea1i nguy\u00ean b\u1ea3n, mang \u0111\u1ebfn n\u00e9t \u0111\u1eb7c tr\u01b0ng ch\u00e2n th\u1ef1c c\u1ee7a nh\u00e0 m\u00e1y ch\u01b0ng c\u1ea5t hay nh\u00e0 m\u00e1y r\u01b0\u1ee3u vang v\u00e0o kh\u00f4ng gian gia \u0111\u00ecnh, qu\u00e1n bar v\u00e0 ph\u00f2ng n\u1ebfm th\u1eed.<\/p>","protected":false},"excerpt":{"rendered":"<p>C\u00e1c t\u00ednh n\u0103ng ch\u00ednh<br \/>\nTh\u00e2n th\u00f9ng nguy\u00ean b\u1ea3n<br \/>\nGh\u1ebf \u0111\u01b0\u1ee3c ch\u1ebf t\u00e1c t\u1eeb ph\u1ea7n \u0111\u00e1y th\u00f9ng (ph\u1ea7n gi\u1eefa), gi\u1eef nguy\u00ean \u0111\u01b0\u1eddng cong t\u1ef1 nhi\u00ean v\u00e0 c\u1ea5u tr\u00fac c\u00e1c thanh g\u1ed7.<\/p>\n<p>N\u1ed9i th\u1ea5t nguy\u00ean b\u1ea3n v\u1edbi c\u00e1c chi ti\u1ebft n\u01b0\u1edbng v\u00e0 ch\u00e1y x\u00e9m<br \/>\nB\u00ean trong th\u00f9ng g\u1ed7 \u2013 n\u01a1i r\u01b0\u1ee3u \u0111\u01b0\u1ee3c \u1ee7 \u2013 tr\u1edf th\u00e0nh b\u1ec1 m\u1eb7t gh\u1ebf ng\u1ed3i, ph\u00f4 di\u1ec5n nh\u1eefng l\u1edbp than ch\u00e1y s\u1eabm m\u00e0u v\u00e0 nh\u1eefng v\u1ebft \u1ed1 c\u1ee7a r\u01b0\u1ee3u vang l\u00e2u n\u0103m.<\/p>\n<p>Chi ti\u1ebft v\u1ec1 v\u00f2ng b\u1ea3o qu\u1ea3n<br \/>\nC\u00e1c v\u00f2ng kim lo\u1ea1i nguy\u00ean b\u1ea3n (th\u00e9p kh\u00f4ng g\u1ec9 ho\u1eb7c s\u1eaft \u0111en) \u0111\u01b0\u1ee3c l\u00e0m s\u1ea1ch v\u00e0 ph\u1ee7 l\u1edbp b\u1ea3o v\u1ec7, d\u00f9ng l\u00e0m d\u1ea3i trang tr\u00ed ho\u1eb7c thanh \u0111\u1ee1 k\u1ebft c\u1ea5u.<\/p>\n<p>L\u01b0ng gh\u1ebf v\u00e0 ch\u00e2n gh\u1ebf l\u00e0m th\u1ee7 c\u00f4ng<br \/>\nPh\u1ea7n t\u1ef1a l\u01b0ng v\u00e0 ch\u00e2n gh\u1ebf b\u1eb1ng g\u1ed7 s\u1ed3i nguy\u00ean kh\u1ed1i \u0111\u01b0\u1ee3c ch\u1ebf t\u00e1c t\u1eeb nh\u1eefng thanh g\u1ed7 th\u1eeba c\u1ee7a th\u00f9ng r\u01b0\u1ee3u ho\u1eb7c g\u1ed7 s\u1ed3i m\u1edbi c\u00f9ng lo\u1ea1i, \u0111\u1ea3m b\u1ea3o s\u1ef1 tho\u1ea3i m\u00e1i v\u00e0 v\u1eefng ch\u1eafc.<\/p>\n<p>L\u1edbp ho\u00e0n thi\u1ec7n b\u1eb1ng d\u1ea7u\/s\u00e1p t\u1ef1 nhi\u00ean<br \/>\nL\u1edbp ho\u00e0n thi\u1ec7n m\u1edd, an to\u00e0n v\u1edbi th\u1ef1c ph\u1ea9m, v\u1eeba b\u1ea3o v\u1ec7 g\u1ed7 v\u1eeba gi\u00fap l\u1edbp patina t\u1ecfa s\u00e1ng.<\/p>\n<p>Thi\u1ebft k\u1ebf c\u00f4ng th\u00e1i h\u1ecdc tho\u1ea3i m\u00e1i<br \/>\nPh\u1ea7n l\u01b0ng h\u01a1i cong v\u00e0 ph\u1ea7n gh\u1ebf \u0111\u01b0\u1ee3c thi\u1ebft k\u1ebf \u00f4m s\u00e1t (theo h\u00ecnh d\u00e1ng t\u1ef1 nhi\u00ean c\u1ee7a th\u00e2n gh\u1ebf) mang l\u1ea1i c\u1ea3m gi\u00e1c tho\u1ea3i m\u00e1i b\u1ea5t ng\u1edd.<\/p>","protected":false},"featured_media":17852,"comment_status":"open","ping_status":"closed","template":"","meta":[],"product_brand":[118],"product_cat":[221,136],"product_tag":[227,229,226,225,228,222,224,223],"class_list":{"0":"post-17848","1":"product","2":"type-product","3":"status-publish","4":"has-post-thumbnail","6":"product_brand-wolin","7":"product_cat-furniture","8":"product_cat-other","9":"product_tag-barrel-stave-chair","10":"product_tag-cooperage-recycled-chair","11":"product_tag-distillery-decor","12":"product_tag-reclaimed-barrel-seating","13":"product_tag-sustainable-barrel-furniture","14":"product_tag-upcycled-oak-barrel-chair","15":"product_tag-whiskey-barrel-chair","16":"product_tag-wine-barrel-furniture","18":"first","19":"instock","20":"shipping-taxable","21":"product-type-external"},"_links":{"self":[{"href":"https:\/\/wolinoakcask.com\/vi\/wp-json\/wp\/v2\/product\/17848","targetHints":{"allow":["GET"]}}],"collection":[{"href":"https:\/\/wolinoakcask.com\/vi\/wp-json\/wp\/v2\/product"}],"about":[{"href":"https:\/\/wolinoakcask.com\/vi\/wp-json\/wp\/v2\/types\/product"}],"replies":[{"embeddable":true,"href":"https:\/\/wolinoakcask.com\/vi\/wp-json\/wp\/v2\/comments?post=17848"}],"version-history":[{"count":1,"href":"https:\/\/wolinoakcask.com\/vi\/wp-json\/wp\/v2\/product\/17848\/revisions"}],"predecessor-version":[{"id":17855,"href":"https:\/\/wolinoakcask.com\/vi\/wp-json\/wp\/v2\/product\/17848\/revisions\/17855"}],"wp:featuredmedia":[{"embeddable":true,"href":"https:\/\/wolinoakcask.com\/vi\/wp-json\/wp\/v2\/media\/17852"}],"wp:attachment":[{"href":"https:\/\/wolinoakcask.com\/vi\/wp-json\/wp\/v2\/media?parent=17848"}],"wp:term":[{"taxonomy":"product_brand","embeddable":true,"href":"https:\/\/wolinoakcask.com\/vi\/wp-json\/wp\/v2\/product_brand?post=17848"},{"taxonomy":"product_cat","embeddable":true,"href":"https:\/\/wolinoakcask.com\/vi\/wp-json\/wp\/v2\/product_cat?post=17848"},{"taxonomy":"product_tag","embeddable":true,"href":"https:\/\/wolinoakcask.com\/vi\/wp-json\/wp\/v2\/product_tag?post=17848"}],"curies":[{"name":"wp","href":"https:\/\/api.w.org\/{rel}","templated":true}]}}