{"id":17837,"date":"2026-04-16T09:22:33","date_gmt":"2026-04-16T09:22:33","guid":{"rendered":"https:\/\/wolinoakcask.com\/?post_type=product&#038;p=17837"},"modified":"2026-04-16T09:22:33","modified_gmt":"2026-04-16T09:22:33","slug":"automatic-hoop-stock-cutting-machine","status":"publish","type":"product","link":"https:\/\/wolinoakcask.com\/vi\/san-pham\/automatic-hoop-stock-cutting-machine\/","title":{"rendered":"M\u00e1y c\u1eaft t\u1ef1 \u0111\u1ed9ng \u1ed1ng th\u00e9p"},"content":{"rendered":"<p>V\u00f2ng th\u00e9p th\u00f9ng ban \u0111\u1ea7u l\u00e0 nh\u1eefng d\u1ea3i th\u00e9p ph\u1eb3ng. \u0110\u1ec3 s\u1ea3n xu\u1ea5t ra nh\u1eefng v\u00f2ng th\u00e9p c\u00f3 k\u00edch th\u01b0\u1edbc \u0111\u1ed3ng \u0111\u1ec1u v\u00e0 ch\u00ednh x\u00e1c cho th\u00f9ng r\u01b0\u1ee3u vang, whisky ho\u1eb7c r\u01b0\u1ee3u m\u1ea1nh, b\u1ea1n c\u1ea7n c\u1eaft cu\u1ed9n th\u00e9p th\u00e0nh c\u00e1c \u0111o\u1ea1n c\u00f3 chi\u1ec1u d\u00e0i ch\u00ednh x\u00e1c tr\u01b0\u1edbc khi ti\u1ebfn h\u00e0nh u\u1ed1n cu\u1ed9n. M\u00e1y c\u1eaft v\u00f2ng th\u00e9p t\u1ef1 \u0111\u1ed9ng c\u1ee7a ch\u00fang t\u00f4i th\u1ef1c hi\u1ec7n c\u00e1c c\u00f4ng \u0111o\u1ea1n th\u00e1o cu\u1ed9n, n\u1eafn th\u1eb3ng, \u0111o \u0111\u1ea1c v\u00e0 c\u1eaft d\u1ea3i th\u00e9p ph\u1eb3ng th\u00e0nh c\u00e1c ph\u00f4i c\u00f3 chi\u1ec1u d\u00e0i ch\u00ednh x\u00e1c \u2013 s\u1eb5n s\u00e0ng cho qu\u00e1 tr\u00ecnh u\u1ed1n v\u00e0 h\u00e0n, gi\u00fap lo\u1ea1i b\u1ecf sai s\u1ed1 do \u0111o \u0111\u1ea1c th\u1ee7 c\u00f4ng v\u00e0 gi\u1ea3m thi\u1ec3u l\u00e3ng ph\u00ed v\u1eadt li\u1ec7u.<\/p>\n<p>T\u1ea1i sao n\u00ean ch\u1ecdn m\u00e1y c\u1eaft v\u00f2ng t\u1ef1 \u0111\u1ed9ng?<\/p>\n<p>Vi\u1ec7c c\u1eaft th\u1ee7 c\u00f4ng b\u1eb1ng k\u00e9o ho\u1eb7c m\u00e1y c\u01b0a m\u00e0i m\u00f2n th\u01b0\u1eddng ch\u1eadm, thi\u1ebfu ch\u00ednh x\u00e1c v\u00e0 d\u1ec5 t\u1ea1o ra g\u1edd. M\u00e1y c\u1eaft v\u00f2ng t\u1ef1 \u0111\u1ed9ng c\u1ee7a ch\u00fang t\u00f4i mang l\u1ea1i:<\/p>\n<p>\u0110\u1ed9 ch\u00ednh x\u00e1c v\u1ec1 chi\u1ec1u d\u00e0i<\/p>\n<p>C\u1eaft kh\u00f4ng g\u1edd \u2013 qu\u00e1 tr\u00ecnh c\u1eaft g\u1ecdn g\u00e0ng v\u1edbi t\u00f9y ch\u1ecdn lo\u1ea1i b\u1ecf g\u1edd.<\/p>\n<p>T\u1ed1c \u0111\u1ed9 cao \u2013 c\u1eaft \u0111\u01b0\u1ee3c 15\u201325 mi\u1ebfng m\u1ed7i ph\u00fat.<\/p>\n<p>Gi\u1ea3m thi\u1ec3u ch\u1ea5t th\u1ea3i \u2013 chi\u1ec1u d\u00e0i c\u00f3 th\u1ec3 l\u1eadp tr\u00ecnh gi\u00fap lo\u1ea1i b\u1ecf t\u00ecnh tr\u1ea1ng ph\u1ebf li\u1ec7u do th\u1eed nghi\u1ec7m v\u00e0 sai s\u00f3t.<\/p>\n<p>Coil-to-cut \u2013 t\u00edch h\u1ee3p b\u1ed9 th\u00e1o cu\u1ed9n v\u00e0 b\u1ed9 l\u00e0m th\u1eb3ng \u0111\u1ec3 \u0111\u1ea3m b\u1ea3o ho\u1ea1t \u0111\u1ed9ng li\u00ean t\u1ee5c.<\/p>","protected":false},"excerpt":{"rendered":"<ul>\n<li>M\u00e1y th\u00e1o cu\u1ed9n c\u00f4ng su\u1ea5t l\u1edbn\n<p>M\u00e1y du\u1ed7i t\u00f3c ch\u1ea1y b\u1eb1ng \u0111i\u1ec7n<br \/>\nB\u1ed9 ph\u1eadn l\u00e0m th\u1eb3ng nhi\u1ec1u tr\u1ee5c gi\u00fap lo\u1ea1i b\u1ecf \u0111\u1ed9 cong c\u1ee7a cu\u1ed9n th\u00e9p, \u0111\u1ea3m b\u1ea3o d\u1ea3i th\u00e9p ph\u1eb3ng \u0111\u1ec3 \u0111o chi\u1ec1u d\u00e0i ch\u00ednh x\u00e1c.<\/p>\n<p>Con l\u0103n \u0111o l\u01b0\u1eddng \u0111i\u1ec1u khi\u1ec3n b\u1eb1ng \u0111\u1ed9ng c\u01a1 servo<br \/>\nB\u1ed9 m\u00e3 h\u00f3a \u0111\u1ed9 ch\u00ednh x\u00e1c cao \u0111o chi\u1ec1u d\u00e0i d\u1ea3i v\u1eadt li\u1ec7u theo th\u1eddi gian th\u1ef1c; \u0111\u1ed9ng c\u01a1 servo \u0111\u1ea3m b\u1ea3o t\u1ed1c \u0111\u1ed9 c\u1ea5p li\u1ec7u \u1ed5n \u0111\u1ecbnh.<\/p>\n<p>M\u00e1y c\u1eaft th\u1ee7y l\u1ef1c ho\u1eb7c kh\u00ed n\u00e9n<br \/>\nC\u1eaft s\u1ea1ch s\u1ebd, nhanh ch\u00f3ng. Ch\u1ecdn lo\u1ea1i th\u1ee7y l\u1ef1c (d\u00e0nh cho c\u00e1c d\u1ea3i d\u00e0y h\u01a1n) ho\u1eb7c kh\u00ed n\u00e9n (d\u00e0nh cho c\u00e1c d\u1ea3i m\u1ecfng h\u01a1n).<\/p>\n<p>&nbsp;<\/li>\n<\/ul>","protected":false},"featured_media":17838,"comment_status":"open","ping_status":"closed","template":"","meta":[],"product_brand":[118],"product_cat":[147,146],"product_tag":[218,214,220,215,219,217,216],"class_list":{"0":"post-17837","1":"product","2":"type-product","3":"status-publish","4":"has-post-thumbnail","6":"product_brand-wolin","7":"product_cat-cooperage-equipment","8":"product_cat-equipment","9":"product_tag-automatic-barrel-hoop-shearing-machine","10":"product_tag-automatic-hoop-cutting-machine","11":"product_tag-barrel-hardware-cutting-equipment","12":"product_tag-barrel-hoop-cutter","13":"product_tag-coil-to-cut-hoop-production","14":"product_tag-hoop-blank-cutting-line","15":"product_tag-steel-strip-cutting-machine-for-cooperage","17":"first","18":"instock","19":"shipping-taxable","20":"product-type-external"},"_links":{"self":[{"href":"https:\/\/wolinoakcask.com\/vi\/wp-json\/wp\/v2\/product\/17837","targetHints":{"allow":["GET"]}}],"collection":[{"href":"https:\/\/wolinoakcask.com\/vi\/wp-json\/wp\/v2\/product"}],"about":[{"href":"https:\/\/wolinoakcask.com\/vi\/wp-json\/wp\/v2\/types\/product"}],"replies":[{"embeddable":true,"href":"https:\/\/wolinoakcask.com\/vi\/wp-json\/wp\/v2\/comments?post=17837"}],"version-history":[{"count":1,"href":"https:\/\/wolinoakcask.com\/vi\/wp-json\/wp\/v2\/product\/17837\/revisions"}],"predecessor-version":[{"id":17839,"href":"https:\/\/wolinoakcask.com\/vi\/wp-json\/wp\/v2\/product\/17837\/revisions\/17839"}],"wp:featuredmedia":[{"embeddable":true,"href":"https:\/\/wolinoakcask.com\/vi\/wp-json\/wp\/v2\/media\/17838"}],"wp:attachment":[{"href":"https:\/\/wolinoakcask.com\/vi\/wp-json\/wp\/v2\/media?parent=17837"}],"wp:term":[{"taxonomy":"product_brand","embeddable":true,"href":"https:\/\/wolinoakcask.com\/vi\/wp-json\/wp\/v2\/product_brand?post=17837"},{"taxonomy":"product_cat","embeddable":true,"href":"https:\/\/wolinoakcask.com\/vi\/wp-json\/wp\/v2\/product_cat?post=17837"},{"taxonomy":"product_tag","embeddable":true,"href":"https:\/\/wolinoakcask.com\/vi\/wp-json\/wp\/v2\/product_tag?post=17837"}],"curies":[{"name":"wp","href":"https:\/\/api.w.org\/{rel}","templated":true}]}}