{"id":17809,"date":"2026-04-15T03:30:47","date_gmt":"2026-04-15T03:30:47","guid":{"rendered":"https:\/\/wolinoakcask.com\/?post_type=product&#038;p=17809"},"modified":"2026-04-17T02:08:10","modified_gmt":"2026-04-17T02:08:10","slug":"automatic-barrel-toasting-machine","status":"publish","type":"product","link":"https:\/\/wolinoakcask.com\/vi\/san-pham\/automatic-barrel-toasting-machine\/","title":{"rendered":"M\u00e1y n\u01b0\u1edbng b\u00e1nh m\u00ec \u0111i\u1ec7n th\u00f4ng minh"},"content":{"rendered":"<p>Vi\u1ec7c nung b\u00ean trong th\u00f9ng g\u1ed7 s\u1ed3i kh\u00f4ng ch\u1ec9 l\u00e0 m\u1ed9t quy tr\u00ecnh \u2013 \u0111\u00f3 l\u00e0 m\u1ed9t ngh\u1ec7 thu\u1eadt gi\u00fap khai ph\u00e1 tr\u1ecdn v\u1eb9n ti\u1ec1m n\u0103ng h\u01b0\u01a1ng v\u1ecb c\u1ee7a r\u01b0\u1ee3u vang ho\u1eb7c r\u01b0\u1ee3u m\u1ea1nh. M\u00e1y nung th\u00f9ng g\u1ed7 s\u1ed3i c\u1ee7a ch\u00fang t\u00f4i mang \u0111\u1ebfn quy tr\u00ecnh x\u1eed l\u00fd nhi\u1ec7t ch\u00ednh x\u00e1c, \u1ed5n \u0111\u1ecbnh v\u00e0 \u0111\u1ed3ng \u0111\u1ec1u cho th\u00f9ng g\u1ed7. D\u00f9 b\u1ea1n c\u1ea7n m\u1ee9c nung nh\u1eb9 cho c\u00e1c lo\u1ea1i r\u01b0\u1ee3u vang tinh t\u1ebf hay m\u1ee9c nung \u0111\u1eadm cho c\u00e1c lo\u1ea1i whisky m\u1ea1nh m\u1ebd, chi\u1ebfc m\u00e1y n\u00e0y s\u1ebd mang \u0111\u1ebfn cho b\u1ea1n s\u1ef1 ki\u1ec3m so\u00e1t ho\u00e0n to\u00e0n \u2013 t\u1eeb m\u1ebb n\u00e0y sang m\u1ebb kh\u00e1c.<\/p>\n<p>T\u1ea1i sao l\u1ea1i c\u1ea7n m\u1ed9t m\u00e1y s\u1ea5y th\u00f9ng chuy\u00ean d\u1ee5ng?<br \/>\nPh\u01b0\u01a1ng ph\u00e1p n\u01b0\u1edbng b\u1eb1ng l\u1eeda th\u1ee7 c\u00f4ng kh\u00f4ng \u0111\u1ea3m b\u1ea3o ch\u1ea5t l\u01b0\u1ee3ng \u1ed5n \u0111\u1ecbnh, t\u1ed1n nhi\u1ec1u c\u00f4ng s\u1ee9c v\u00e0 ti\u1ec1m \u1ea9n nguy c\u01a1 h\u1ecfa ho\u1ea1n. M\u00e1y n\u01b0\u1edbng th\u00f9ng c\u1ee7a ch\u00fang t\u00f4i mang l\u1ea1i:<\/p>\n<p>Ph\u00e2n ph\u1ed1i nhi\u1ec7t \u0111\u1ec1u \u2013 kh\u00f4ng c\u00f3 ch\u1ed7 b\u1ecb ch\u00e1y kh\u00e9t hay c\u00f2n s\u1ed1ng.<\/p>\n<p>C\u00e1c ch\u1ebf \u0111\u1ed9 n\u01b0\u1edbng c\u00f3 th\u1ec3 l\u1eadp tr\u00ecnh \u2013 l\u01b0u c\u00e1c c\u00f4ng th\u1ee9c cho c\u00e1c m\u1ee9c \u0111\u1ed9 n\u01b0\u1edbng kh\u00e1c nhau (nh\u1eb9\/v\u1eeba\/\u0111\u1eadm).<\/p>\n<p>N\u0103ng su\u1ea5t cao h\u01a1n \u2013 c\u00f3 th\u1ec3 n\u01b0\u1edbng t\u1eeb 8 \u0111\u1ebfn 12 th\u00f9ng m\u1ed7i gi\u1edd.<\/p>\n<p>An to\u00e0n v\u00e0 s\u1ea1ch s\u1ebd \u2013 bu\u1ed3ng k\u00edn c\u00f3 h\u1ec7 th\u1ed1ng h\u00fat kh\u00f3i v\u00e0 gi\u00e1m s\u00e1t ng\u1ecdn l\u1eeda.<\/p>","protected":false},"excerpt":{"rendered":"<p>\u0110\u1ecbnh v\u1ecb th\u00f9ng quay<br \/>\nTh\u00f9ng quay ch\u1eadm trong qu\u00e1 tr\u00ecnh rang \u0111\u1ec3 nhi\u1ec7t th\u1ea5m \u0111\u1ec1u. T\u1ed1c \u0111\u1ed9 c\u00f3 th\u1ec3 \u0111i\u1ec1u ch\u1ec9nh.<\/p>\n<p>Ki\u1ec3m so\u00e1t nhi\u1ec7t \u0111\u1ed9 ch\u00ednh x\u00e1c<br \/>\nC\u00e1c c\u1eb7p nhi\u1ec7t \u0111i\u1ec7n t\u00edch h\u1ee3p d\u00f9ng \u0111\u1ec3 \u0111o nhi\u1ec7t \u0111\u1ed9 b\u00ean trong th\u00f9ng.<\/p>\n<p>C\u00e1c ch\u1ebf \u0111\u1ed9 n\u01b0\u1edbng b\u00e1nh m\u00ec c\u00f3 th\u1ec3 t\u00f9y ch\u1ec9nh<br \/>\nCh\u1ec9 c\u1ea7n m\u1ed9t l\u1ea7n ch\u1ea1m \u0111\u1ec3 ch\u1ecdn m\u1ee9c n\u01b0\u1edbng nh\u1eb9, v\u1eeba, \u0111\u1eadm ho\u1eb7c ch\u00e1y x\u00e9m.<\/p>\n<p>H\u1ec7 th\u1ed1ng h\u00fat kh\u00f3i<br \/>\nLo\u1ea1i b\u1ecf kh\u00f3i v\u00e0 c\u00e1c h\u1ee3p ch\u1ea5t d\u1ec5 bay h\u01a1i \u2013 t\u1ea1o m\u00f4i tr\u01b0\u1eddng l\u00e0m vi\u1ec7c trong l\u00e0nh h\u01a1n v\u00e0 \u0111\u00e1p \u1ee9ng c\u00e1c ti\u00eau chu\u1ea9n an to\u00e0n.<\/p>\n<p>H\u1ec7 th\u1ed1ng an to\u00e0n ch\u1ed1ng ch\u00e1y<br \/>\nT\u1ef1 \u0111\u1ed9ng ng\u1eaft ngu\u1ed3n khi ng\u1ecdn l\u1eeda t\u1eaft. B\u1ea3o v\u1ec7 ch\u1ed1ng qu\u00e1 nhi\u1ec7t.<\/p>\n<p>K\u1ebft c\u1ea5u th\u00e9p kh\u00f4ng g\u1ec9<br \/>\nD\u1ec5 lau ch\u00f9i, ch\u1ed1ng g\u1ec9 s\u00e9t, \u0111\u1ea3m b\u1ea3o \u0111\u1ed9 b\u1ec1n l\u00e2u d\u00e0i.<\/p>","protected":false},"featured_media":17842,"comment_status":"open","ping_status":"closed","template":"","meta":[],"product_brand":[118],"product_cat":[147,146],"product_tag":[172,169,166,168,167,171,170],"class_list":{"0":"post-17809","1":"product","2":"type-product","3":"status-publish","4":"has-post-thumbnail","6":"product_brand-wolin","7":"product_cat-cooperage-equipment","8":"product_cat-equipment","9":"product_tag-automatic-barrel-toaster-for-cooperage","10":"product_tag-barrel-flavoring-machine","11":"product_tag-barrel-toasting-machine","12":"product_tag-cooperage-toasting-oven","13":"product_tag-oak-barrel-charring-equipment","14":"product_tag-whiskey-barrel-char-machine","15":"product_tag-wine-barrel-toaster","17":"first","18":"instock","19":"shipping-taxable","20":"product-type-external"},"_links":{"self":[{"href":"https:\/\/wolinoakcask.com\/vi\/wp-json\/wp\/v2\/product\/17809","targetHints":{"allow":["GET"]}}],"collection":[{"href":"https:\/\/wolinoakcask.com\/vi\/wp-json\/wp\/v2\/product"}],"about":[{"href":"https:\/\/wolinoakcask.com\/vi\/wp-json\/wp\/v2\/types\/product"}],"replies":[{"embeddable":true,"href":"https:\/\/wolinoakcask.com\/vi\/wp-json\/wp\/v2\/comments?post=17809"}],"version-history":[{"count":2,"href":"https:\/\/wolinoakcask.com\/vi\/wp-json\/wp\/v2\/product\/17809\/revisions"}],"predecessor-version":[{"id":17813,"href":"https:\/\/wolinoakcask.com\/vi\/wp-json\/wp\/v2\/product\/17809\/revisions\/17813"}],"wp:featuredmedia":[{"embeddable":true,"href":"https:\/\/wolinoakcask.com\/vi\/wp-json\/wp\/v2\/media\/17842"}],"wp:attachment":[{"href":"https:\/\/wolinoakcask.com\/vi\/wp-json\/wp\/v2\/media?parent=17809"}],"wp:term":[{"taxonomy":"product_brand","embeddable":true,"href":"https:\/\/wolinoakcask.com\/vi\/wp-json\/wp\/v2\/product_brand?post=17809"},{"taxonomy":"product_cat","embeddable":true,"href":"https:\/\/wolinoakcask.com\/vi\/wp-json\/wp\/v2\/product_cat?post=17809"},{"taxonomy":"product_tag","embeddable":true,"href":"https:\/\/wolinoakcask.com\/vi\/wp-json\/wp\/v2\/product_tag?post=17809"}],"curies":[{"name":"wp","href":"https:\/\/api.w.org\/{rel}","templated":true}]}}