{"id":17540,"date":"2026-02-04T08:03:49","date_gmt":"2026-02-04T08:03:49","guid":{"rendered":"https:\/\/wolinoakcask.com\/?post_type=product&#038;p=17540"},"modified":"2026-02-05T02:05:55","modified_gmt":"2026-02-05T02:05:55","slug":"225l-japanese-mizunara-barrel","status":"publish","type":"product","link":"https:\/\/wolinoakcask.com\/vi\/san-pham\/225l-japanese-mizunara-barrel\/","title":{"rendered":"Th\u00f9ng g\u1ed7 s\u1ed3i Mizunara Nh\u1eadt B\u1ea3n 225L"},"content":{"rendered":"<p>Japanese Mizunara Oak is renowned worldwide for its extremely low yield, long growth cycle, and challenging processing characteristics. This 225-liter Mizunara barrel embodies immense cost in terms of time and craftsmanship. It can impart an irreplaceable &#8220;Zen-like&#8221; aroma to the wine\u2014sandalwood, agarwood, aloeswood, and the sweetness of ripe dates\u2014with a complex and ethereal aromatic structure.<\/p>\n<p><strong>T\u1ea5t c\u1ea3 c\u00e1c th\u00f9ng g\u1ed7 s\u1ed3i 225 l\u00edt \u0111\u1ec1u l\u00e0 th\u00f9ng m\u1edbi v\u00e0 c\u00f3 th\u1ec3 \u0111\u01b0\u1ee3c t\u00f9y ch\u1ec9nh m\u1ee9c \u0111\u1ed9 n\u01b0\u1edbng theo y\u00eau c\u1ea7u c\u1ee7a kh\u00e1ch h\u00e0ng. Ch\u00fang t\u00f4i khuy\u1ebfn ngh\u1ecb l\u1eadp k\u1ebf ho\u1ea1ch k\u1ef9 l\u01b0\u1ee1ng th\u1eddi gian ng\u00e2m \u1ee7 trong l\u1ea7n s\u1eed d\u1ee5ng \u0111\u1ea7u ti\u00ean d\u1ef1a tr\u00ean \u0111\u1ed9 \u0111\u1eadm \u0111\u00e0 h\u01b0\u01a1ng v\u1ecb c\u1ee7a r\u01b0\u1ee3u m\u1ee5c ti\u00eau \u0111\u1ec3 \u0111\u1ea1t \u0111\u01b0\u1ee3c k\u1ebft qu\u1ea3 t\u1ed1i \u01b0u. T\u1ea5t c\u1ea3 c\u00e1c \u1ee9ng d\u1ee5ng \u0111\u1ec1u tu\u00e2n th\u1ee7 nghi\u00eam ng\u1eb7t m\u1ee5c \u0111\u00edch s\u1ea3n xu\u1ea5t v\u00e0 \u1ee7 r\u01b0\u1ee3u\/thu\u1ed1c l\u00e1.<\/strong><\/p>","protected":false},"excerpt":{"rendered":"<ul>\n<li>\n<p class=\"ds-markdown-paragraph\"><strong>H\u01b0\u01a1ng v\u1ecb huy\u1ec1n tho\u1ea1i:<\/strong>\u00a0Mang \u0111\u1ebfn m\u1ed9t h\u01b0\u01a1ng v\u1ecb \u0111\u1eb3ng c\u1ea5p h\u00e0ng \u0111\u1ea7u \u0111\u01b0\u1ee3c c\u00e1c chuy\u00ean gia tr\u00ean to\u00e0n th\u1ebf gi\u1edbi c\u00f4ng nh\u1eadn, \u0111\u1eadm ch\u1ea5t b\u00ed \u1ea9n ph\u01b0\u01a1ng \u0110\u00f4ng v\u00e0 s\u1ef1 t\u0129nh l\u1eb7ng theo phong c\u00e1ch Thi\u1ec1n.<\/p>\n<\/li>\n<li>\n<p class=\"ds-markdown-paragraph\"><strong>T\u00e0i s\u1ea3n t\u1ed1i th\u01b0\u1ee3ng:<\/strong>\u00a0The Mizunara barrel itself is a rare asset that appreciates over time, the ultimate symbol of a distillery&#8217;s strength and vision.<\/p>\n<\/li>\n<li>\n<p class=\"ds-markdown-paragraph\"><strong>Th\u01b0\u01a1ng hi\u1ec7u h\u00e0ng \u0111\u1ea7u:<\/strong>\u00a0Owning a Mizunara barrel project can directly elevate a brand&#8217;s image to the pinnacle of the industry, garnering incomparable market attention.<\/p>\n<\/li>\n<\/ul>","protected":false},"featured_media":17568,"comment_status":"open","ping_status":"closed","template":"","meta":[],"product_brand":[118],"product_cat":[102,111,79,78],"product_tag":[],"class_list":{"0":"post-17540","1":"product","2":"type-product","3":"status-publish","4":"has-post-thumbnail","6":"product_brand-wolin","7":"product_cat-225-l","8":"product_cat-mizunara","9":"product_cat-new-oak-barrel","10":"product_cat-wood-species","12":"first","13":"instock","14":"shipping-taxable","15":"product-type-external"},"_links":{"self":[{"href":"https:\/\/wolinoakcask.com\/vi\/wp-json\/wp\/v2\/product\/17540","targetHints":{"allow":["GET"]}}],"collection":[{"href":"https:\/\/wolinoakcask.com\/vi\/wp-json\/wp\/v2\/product"}],"about":[{"href":"https:\/\/wolinoakcask.com\/vi\/wp-json\/wp\/v2\/types\/product"}],"replies":[{"embeddable":true,"href":"https:\/\/wolinoakcask.com\/vi\/wp-json\/wp\/v2\/comments?post=17540"}],"version-history":[{"count":2,"href":"https:\/\/wolinoakcask.com\/vi\/wp-json\/wp\/v2\/product\/17540\/revisions"}],"predecessor-version":[{"id":17573,"href":"https:\/\/wolinoakcask.com\/vi\/wp-json\/wp\/v2\/product\/17540\/revisions\/17573"}],"wp:featuredmedia":[{"embeddable":true,"href":"https:\/\/wolinoakcask.com\/vi\/wp-json\/wp\/v2\/media\/17568"}],"wp:attachment":[{"href":"https:\/\/wolinoakcask.com\/vi\/wp-json\/wp\/v2\/media?parent=17540"}],"wp:term":[{"taxonomy":"product_brand","embeddable":true,"href":"https:\/\/wolinoakcask.com\/vi\/wp-json\/wp\/v2\/product_brand?post=17540"},{"taxonomy":"product_cat","embeddable":true,"href":"https:\/\/wolinoakcask.com\/vi\/wp-json\/wp\/v2\/product_cat?post=17540"},{"taxonomy":"product_tag","embeddable":true,"href":"https:\/\/wolinoakcask.com\/vi\/wp-json\/wp\/v2\/product_tag?post=17540"}],"curies":[{"name":"wp","href":"https:\/\/api.w.org\/{rel}","templated":true}]}}