{"id":17536,"date":"2026-02-04T08:01:31","date_gmt":"2026-02-04T08:01:31","guid":{"rendered":"https:\/\/wolinoakcask.com\/?post_type=product&#038;p=17536"},"modified":"2026-02-05T01:43:26","modified_gmt":"2026-02-05T01:43:26","slug":"225l-french-oak-barrel","status":"publish","type":"product","link":"https:\/\/wolinoakcask.com\/vi\/san-pham\/225l-french-oak-barrel\/","title":{"rendered":"Th\u00f9ng g\u1ed7 s\u1ed3i Ph\u00e1p 225L"},"content":{"rendered":"<p>G\u1ed7 s\u1ed3i Ph\u00e1p mang l\u1ea1i tannin m\u1ecbn m\u00e0ng h\u01a1n v\u00e0 h\u01b0\u01a1ng th\u01a1m ph\u1ee9c t\u1ea1p, thanh l\u1ecbch. N\u00f3 c\u00f3 th\u1ec3 mang l\u1ea1i nh\u1eefng h\u01b0\u01a1ng th\u01a1m th\u1ee9 c\u1ea5p tinh t\u1ebf nh\u01b0 qu\u1ebf, g\u1ed7 tuy\u1ebft t\u00f9ng v\u00e0 h\u1ea1t c\u00e0 ph\u00ea rang cho r\u01b0\u1ee3u vang, g\u00f3p ph\u1ea7n t\u1ea1o n\u00ean \u0111\u1ed9 m\u01b0\u1ee3t m\u00e0 nh\u01b0 l\u1ee5a cho c\u1ea5u tr\u00fac r\u01b0\u1ee3u. N\u00f3 kh\u00f4ng l\u1ea5n \u00e1t b\u1ea3n ch\u1ea5t t\u1ef1 nhi\u00ean c\u1ee7a r\u01b0\u1ee3u vang m\u00e0 h\u00f2a quy\u1ec7n v\u1edbi n\u00f3 m\u1ed9t c\u00e1ch tinh t\u1ebf, th\u00eam v\u00e0o nh\u1eefng l\u1edbp h\u01b0\u01a1ng v\u1ecb \u0111\u1ed9c \u0111\u00e1o v\u00e0 s\u1ef1 tinh t\u1ebf kh\u00f4ng th\u1ec3 sao ch\u00e9p.<\/p>\n<p><strong>T\u1ea5t c\u1ea3 c\u00e1c th\u00f9ng g\u1ed7 s\u1ed3i 225 l\u00edt \u0111\u1ec1u l\u00e0 th\u00f9ng m\u1edbi v\u00e0 c\u00f3 th\u1ec3 \u0111\u01b0\u1ee3c t\u00f9y ch\u1ec9nh m\u1ee9c \u0111\u1ed9 n\u01b0\u1edbng theo y\u00eau c\u1ea7u c\u1ee7a kh\u00e1ch h\u00e0ng. Ch\u00fang t\u00f4i khuy\u1ebfn ngh\u1ecb l\u1eadp k\u1ebf ho\u1ea1ch k\u1ef9 l\u01b0\u1ee1ng th\u1eddi gian ng\u00e2m \u1ee7 trong l\u1ea7n s\u1eed d\u1ee5ng \u0111\u1ea7u ti\u00ean d\u1ef1a tr\u00ean \u0111\u1ed9 \u0111\u1eadm \u0111\u00e0 h\u01b0\u01a1ng v\u1ecb c\u1ee7a r\u01b0\u1ee3u m\u1ee5c ti\u00eau \u0111\u1ec3 \u0111\u1ea1t \u0111\u01b0\u1ee3c k\u1ebft qu\u1ea3 t\u1ed1i \u01b0u. T\u1ea5t c\u1ea3 c\u00e1c \u1ee9ng d\u1ee5ng \u0111\u1ec1u tu\u00e2n th\u1ee7 nghi\u00eam ng\u1eb7t m\u1ee5c \u0111\u00edch s\u1ea3n xu\u1ea5t v\u00e0 \u1ee7 r\u01b0\u1ee3u\/thu\u1ed1c l\u00e1.<\/strong><\/p>","protected":false},"excerpt":{"rendered":"<ul>\n<li>\n<p class=\"ds-markdown-paragraph\"><strong>S\u1ef1 sang tr\u1ecdng tuy\u1ec7t \u0111\u1ec9nh:<\/strong>\u00a0N\u00f3 h\u00f2a quy\u1ec7n m\u1ed9t c\u00e1ch tinh t\u1ebf, n\u00e2ng cao \u0111\u1ed9 ph\u1ee9c t\u1ea1p v\u00e0 s\u1ef1 tinh t\u1ebf v\u1ec1 c\u1ea5u tr\u00fac c\u1ee7a r\u01b0\u1ee3u vang, m\u1ed9t \u0111\u1eb7c tr\u01b0ng c\u1ee7a nh\u1eefng chai r\u01b0\u1ee3u vang cao c\u1ea5p.<\/p>\n<\/li>\n<li>\n<p class=\"ds-markdown-paragraph\"><strong>Bi\u1ec3u hi\u1ec7n terroir:<\/strong>\u00a0C\u00e1c v\u00f9ng r\u1eebng kh\u00e1c nhau c\u1ee7a Ph\u00e1p (v\u00ed d\u1ee5: s\u1ef1 tinh t\u1ebf c\u1ee7a Tron\u00e7ais, s\u1ee9c m\u1ea1nh c\u1ee7a Limousin) c\u00f3 th\u1ec3 mang l\u1ea1i nh\u1eefng d\u1ea5u \u1ea5n h\u01b0\u01a1ng v\u1ecb v\u00f9ng mi\u1ec1n tinh t\u1ebf cho r\u01b0\u1ee3u vang.<\/p>\n<\/li>\n<li>\n<p class=\"ds-markdown-paragraph\"><strong>B\u1ea3o h\u00e0nh cho s\u1ea3n ph\u1ea9m \u0111\u00e3 qua s\u1eed d\u1ee5ng:<\/strong>\u00a0\u0110\u1ed9 d\u00e0y v\u00e0 c\u1ea5u tr\u00fac g\u1ed7 tuy\u1ec7t v\u1eddi \u0111\u1ea3m b\u1ea3o hi\u1ec7u su\u1ea5t \u1ed5n \u0111\u1ecbnh trong qu\u00e1 tr\u00ecnh l\u00e3o h\u00f3a l\u00e2u d\u00e0i, gi\u00fap r\u01b0\u1ee3u vang ph\u00e1t tri\u1ec3n ti\u1ec1m n\u0103ng l\u00e3o h\u00f3a xu\u1ea5t s\u1eafc.<\/p>\n<\/li>\n<\/ul>","protected":false},"featured_media":17568,"comment_status":"open","ping_status":"closed","template":"","meta":[],"product_brand":[118],"product_cat":[102,114,79,78],"product_tag":[],"class_list":{"0":"post-17536","1":"product","2":"type-product","3":"status-publish","4":"has-post-thumbnail","6":"product_brand-wolin","7":"product_cat-225-l","8":"product_cat-french-oak","9":"product_cat-new-oak-barrel","10":"product_cat-wood-species","12":"first","13":"instock","14":"shipping-taxable","15":"product-type-external"},"_links":{"self":[{"href":"https:\/\/wolinoakcask.com\/vi\/wp-json\/wp\/v2\/product\/17536","targetHints":{"allow":["GET"]}}],"collection":[{"href":"https:\/\/wolinoakcask.com\/vi\/wp-json\/wp\/v2\/product"}],"about":[{"href":"https:\/\/wolinoakcask.com\/vi\/wp-json\/wp\/v2\/types\/product"}],"replies":[{"embeddable":true,"href":"https:\/\/wolinoakcask.com\/vi\/wp-json\/wp\/v2\/comments?post=17536"}],"version-history":[{"count":2,"href":"https:\/\/wolinoakcask.com\/vi\/wp-json\/wp\/v2\/product\/17536\/revisions"}],"predecessor-version":[{"id":17571,"href":"https:\/\/wolinoakcask.com\/vi\/wp-json\/wp\/v2\/product\/17536\/revisions\/17571"}],"wp:featuredmedia":[{"embeddable":true,"href":"https:\/\/wolinoakcask.com\/vi\/wp-json\/wp\/v2\/media\/17568"}],"wp:attachment":[{"href":"https:\/\/wolinoakcask.com\/vi\/wp-json\/wp\/v2\/media?parent=17536"}],"wp:term":[{"taxonomy":"product_brand","embeddable":true,"href":"https:\/\/wolinoakcask.com\/vi\/wp-json\/wp\/v2\/product_brand?post=17536"},{"taxonomy":"product_cat","embeddable":true,"href":"https:\/\/wolinoakcask.com\/vi\/wp-json\/wp\/v2\/product_cat?post=17536"},{"taxonomy":"product_tag","embeddable":true,"href":"https:\/\/wolinoakcask.com\/vi\/wp-json\/wp\/v2\/product_tag?post=17536"}],"curies":[{"name":"wp","href":"https:\/\/api.w.org\/{rel}","templated":true}]}}