{"id":17534,"date":"2026-02-04T07:59:40","date_gmt":"2026-02-04T07:59:40","guid":{"rendered":"https:\/\/wolinoakcask.com\/?post_type=product&#038;p=17534"},"modified":"2026-02-05T01:41:47","modified_gmt":"2026-02-05T01:41:47","slug":"225l-american-barrel","status":"publish","type":"product","link":"https:\/\/wolinoakcask.com\/vi\/san-pham\/225l-american-barrel\/","title":{"rendered":"Th\u00f9ng g\u1ed7 s\u1ed3i M\u1ef9 225 l\u00edt"},"content":{"rendered":"<p>Th\u00f9ng g\u1ed7 s\u1ed3i tr\u1eafng M\u1ef9 dung t\u00edch 225 l\u00edt (59 gallon) n\u00e0y \u0111\u01b0\u1ee3c ch\u1ebf t\u00e1c t\u1eeb g\u1ed7 s\u1ed3i tr\u1eafng B\u1eafc M\u1ef9 \u0111\u01b0\u1ee3c ch\u1ecdn l\u1ecdc k\u1ef9 l\u01b0\u1ee1ng. Gi\u00e0u hemicellulose, th\u00f9ng g\u1ed7 n\u00e0y li\u00ean t\u1ee5c gi\u1ea3i ph\u00f3ng c\u00e1c h\u01b0\u01a1ng v\u1ecb \u0111\u1eb7c tr\u01b0ng nh\u01b0 vani, d\u1eeba v\u00e0 gia v\u1ecb ng\u1ecdt sau khi nung, t\u1ea1o n\u00ean m\u1ed9t n\u1ec1n h\u01b0\u01a1ng v\u1ecb m\u1ea1nh m\u1ebd v\u00e0 tr\u1ef1c ti\u1ebfp cho r\u01b0\u1ee3u vang, whisky v\u00e0 th\u1eadm ch\u00ed c\u1ea3 bia th\u1ee7 c\u00f4ng. Kh\u1ea3 n\u0103ng chi\u1ebft xu\u1ea5t tannin v\u00e0 c\u00e1c h\u1ee3p ch\u1ea5t h\u01b0\u01a1ng v\u1ecb hi\u1ec7u qu\u1ea3 cao khi\u1ebfn n\u00f3 \u0111\u1eb7c bi\u1ec7t ph\u00f9 h\u1ee3p \u0111\u1ec3 \u1ee7 c\u00e1c lo\u1ea1i r\u01b0\u1ee3u vang \u0111\u1ecf \u0111\u1eadm \u0111\u00e0, c\u00f3 h\u01b0\u01a1ng tr\u00e1i c\u00e2y n\u1ed5i b\u1eadt ho\u1eb7c \u0111\u1ec3 x\u00e2y d\u1ef1ng n\u1ec1n t\u1ea3ng h\u01b0\u01a1ng v\u1ecb v\u1eefng ch\u1eafc cho whisky Bourbon.<\/p>\n<p><strong>T\u1ea5t c\u1ea3 c\u00e1c th\u00f9ng g\u1ed7 s\u1ed3i 225 l\u00edt \u0111\u1ec1u l\u00e0 th\u00f9ng m\u1edbi v\u00e0 c\u00f3 th\u1ec3 \u0111\u01b0\u1ee3c t\u00f9y ch\u1ec9nh m\u1ee9c \u0111\u1ed9 n\u01b0\u1edbng theo y\u00eau c\u1ea7u c\u1ee7a kh\u00e1ch h\u00e0ng. Ch\u00fang t\u00f4i khuy\u1ebfn ngh\u1ecb l\u1eadp k\u1ebf ho\u1ea1ch k\u1ef9 l\u01b0\u1ee1ng th\u1eddi gian ng\u00e2m \u1ee7 trong l\u1ea7n s\u1eed d\u1ee5ng \u0111\u1ea7u ti\u00ean d\u1ef1a tr\u00ean \u0111\u1ed9 \u0111\u1eadm \u0111\u00e0 h\u01b0\u01a1ng v\u1ecb c\u1ee7a r\u01b0\u1ee3u m\u1ee5c ti\u00eau \u0111\u1ec3 \u0111\u1ea1t \u0111\u01b0\u1ee3c k\u1ebft qu\u1ea3 t\u1ed1i \u01b0u. T\u1ea5t c\u1ea3 c\u00e1c \u1ee9ng d\u1ee5ng \u0111\u1ec1u tu\u00e2n th\u1ee7 nghi\u00eam ng\u1eb7t m\u1ee5c \u0111\u00edch s\u1ea3n xu\u1ea5t v\u00e0 \u1ee7 r\u01b0\u1ee3u\/thu\u1ed1c l\u00e1.<\/strong><\/p>","protected":false},"excerpt":{"rendered":"<ul>\n<li>\n<p class=\"ds-markdown-paragraph\"><strong>Th\u00f4ng s\u1ed1 k\u1ef9 thu\u1eadt ti\u00eau chu\u1ea9n:<\/strong>\u00a0Dung t\u00edch 225 l\u00edt l\u00e0 m\u1ed9t trong nh\u1eefng k\u00edch th\u01b0\u1edbc ti\u00eau chu\u1ea9n qu\u1ed1c t\u1ebf d\u00e0nh cho qu\u00e1 tr\u00ecnh \u1ee7 r\u01b0\u1ee3u vang, \u0111\u1ea3m b\u1ea3o t\u1ef7 l\u1ec7 l\u00fd t\u01b0\u1edfng gi\u1eefa r\u01b0\u1ee3u vang v\u00e0 g\u1ed7.<\/p>\n<\/li>\n<li>\n<p class=\"ds-markdown-paragraph\"><strong>C\u00f4ng c\u1ee5 t\u1ea1o h\u01b0\u01a1ng v\u1ecb:<\/strong>\u00a0G\u1ed7 s\u1ed3i tr\u1eafng M\u1ef9 mang l\u1ea1i h\u01b0\u01a1ng th\u01a1m tho\u00e1ng \u0111\u00e3ng v\u00e0 ng\u1ecdt ng\u00e0o, gi\u00fap t\u0103ng c\u01b0\u1eddng \u0111\u00e1ng k\u1ec3 \u0111\u1ed9 \u0111\u1eadm \u0111\u00e0 v\u00e0 c\u1ea3m gi\u00e1c ng\u1ecdt ng\u00e0o c\u1ee7a r\u01b0\u1ee3u.<\/p>\n<\/li>\n<li>\n<p class=\"ds-markdown-paragraph\"><strong>\u1ee8ng d\u1ee5ng \u0111a n\u0103ng:<\/strong>\u00a0\u0110\u00e2y kh\u00f4ng ch\u1ec9 l\u00e0 m\u1ed9t c\u00f4ng c\u1ee5 h\u1eefu hi\u1ec7u \u0111\u1ec3 \u1ee7 r\u01b0\u1ee3u vang m\u00e0 c\u00f2n l\u00e0 s\u1ef1 l\u1ef1a ch\u1ecdn tuy\u1ec7t v\u1eddi cho c\u00e1c s\u1ea3n ph\u1ea9m \u0111a d\u1ea1ng nh\u01b0 r\u01b0\u1ee3u whisky Bourbon v\u00e0 bia \u1ee7 th\u00f9ng g\u1ed7.<\/p>\n<\/li>\n<\/ul>","protected":false},"featured_media":17568,"comment_status":"open","ping_status":"closed","template":"","meta":[],"product_brand":[118],"product_cat":[102,96,79,78],"product_tag":[],"class_list":{"0":"post-17534","1":"product","2":"type-product","3":"status-publish","4":"has-post-thumbnail","6":"product_brand-wolin","7":"product_cat-225-l","8":"product_cat-american-white-oak","9":"product_cat-new-oak-barrel","10":"product_cat-wood-species","12":"first","13":"instock","14":"shipping-taxable","15":"product-type-external"},"_links":{"self":[{"href":"https:\/\/wolinoakcask.com\/vi\/wp-json\/wp\/v2\/product\/17534","targetHints":{"allow":["GET"]}}],"collection":[{"href":"https:\/\/wolinoakcask.com\/vi\/wp-json\/wp\/v2\/product"}],"about":[{"href":"https:\/\/wolinoakcask.com\/vi\/wp-json\/wp\/v2\/types\/product"}],"replies":[{"embeddable":true,"href":"https:\/\/wolinoakcask.com\/vi\/wp-json\/wp\/v2\/comments?post=17534"}],"version-history":[{"count":2,"href":"https:\/\/wolinoakcask.com\/vi\/wp-json\/wp\/v2\/product\/17534\/revisions"}],"predecessor-version":[{"id":17570,"href":"https:\/\/wolinoakcask.com\/vi\/wp-json\/wp\/v2\/product\/17534\/revisions\/17570"}],"wp:featuredmedia":[{"embeddable":true,"href":"https:\/\/wolinoakcask.com\/vi\/wp-json\/wp\/v2\/media\/17568"}],"wp:attachment":[{"href":"https:\/\/wolinoakcask.com\/vi\/wp-json\/wp\/v2\/media?parent=17534"}],"wp:term":[{"taxonomy":"product_brand","embeddable":true,"href":"https:\/\/wolinoakcask.com\/vi\/wp-json\/wp\/v2\/product_brand?post=17534"},{"taxonomy":"product_cat","embeddable":true,"href":"https:\/\/wolinoakcask.com\/vi\/wp-json\/wp\/v2\/product_cat?post=17534"},{"taxonomy":"product_tag","embeddable":true,"href":"https:\/\/wolinoakcask.com\/vi\/wp-json\/wp\/v2\/product_tag?post=17534"}],"curies":[{"name":"wp","href":"https:\/\/api.w.org\/{rel}","templated":true}]}}