{"id":17347,"date":"2026-01-28T06:34:41","date_gmt":"2026-01-28T06:34:41","guid":{"rendered":"https:\/\/wolinoakcask.com\/?post_type=product&#038;p=17347"},"modified":"2026-02-28T01:16:30","modified_gmt":"2026-02-28T01:16:30","slug":"50l-american-white-oak-aging-barrel","status":"publish","type":"product","link":"https:\/\/wolinoakcask.com\/vi\/san-pham\/50l-american-white-oak-aging-barrel\/","title":{"rendered":"Th\u00f9ng \u1ee7 r\u01b0\u1ee3u g\u1ed7 s\u1ed3i tr\u1eafng M\u1ef9 50 l\u00edt"},"content":{"rendered":"<p>M\u00f4 t\u1ea3 s\u1ea3n ph\u1ea9m:<br \/>\nTh\u00f9ng g\u1ed7 s\u1ed3i tr\u1eafng M\u1ef9 50L n\u00e0y quay tr\u1edf l\u1ea1i v\u1edbi b\u1ea3n ch\u1ea5t c\u1ee7a qu\u00e1 tr\u00ecnh \u1ee7. Kh\u00f4ng c\u00f3 thi\u1ebft k\u1ebf c\u1ea7u k\u1ef3, m\u1ee5c \u0111\u00edch ch\u00ednh c\u1ee7a n\u00f3 l\u00e0 s\u1ea3n xu\u1ea5t \u1ed5n \u0111\u1ecbnh c\u00e1c h\u01b0\u01a1ng v\u1ecb c\u1ed5 \u0111i\u1ec3n. C\u1ea5u tr\u00fac ch\u1eafc ch\u1eafn c\u1ee7a n\u00f3 \u0111\u1ea3m b\u1ea3o \u0111\u1ed9 tin c\u1eady l\u00e2u d\u00e0i trong m\u00f4i tr\u01b0\u1eddng s\u1ea3n xu\u1ea5t quy m\u00f4 nh\u1ecf, khi\u1ebfn n\u00f3 tr\u1edf th\u00e0nh ng\u01b0\u1eddi b\u1ea1n \u0111\u1ed3ng h\u00e0nh \u0111\u00e1ng tin c\u1eady cho vi\u1ec7c t\u1ea1o ra lo\u1ea1i whisky phong c\u00e1ch bourbon \u0111\u1ea7u ti\u00ean c\u1ee7a b\u1ea1n ho\u1eb7c t\u0103ng th\u00eam \u0111\u1ed9 s\u00e2u cho bia. \u0110\u1ed1i v\u1edbi nh\u1eefng ng\u01b0\u1eddi \u0111am m\u00ea chuy\u00ean nghi\u1ec7p v\u00e0 c\u00e1c nh\u00e0 m\u00e1y ch\u01b0ng c\u1ea5t quy m\u00f4 nh\u1ecf h\u01b0\u1edbng \u0111\u1ebfn s\u1ef1 tinh khi\u1ebft v\u00e0 hi\u1ec7u qu\u1ea3, \u0111\u00e2y l\u00e0 l\u1ef1a ch\u1ecdn th\u00f4ng minh \u0111\u1ec3 b\u01b0\u1edbc \u0111\u1ea7u ti\u00ean h\u01b0\u1edbng t\u1edbi th\u01b0\u01a1ng m\u1ea1i h\u00f3a.<\/p>","protected":false},"excerpt":{"rendered":"<p>\u0110i\u1ec3m b\u00e1n h\u00e0ng ch\u00ednh:<\/p>\n<p>L\u1ef1a ch\u1ecdn truy\u1ec1n th\u1ed1ng cho s\u1ea3n xu\u1ea5t quy m\u00f4 nh\u1ecf: Dung t\u00edch 50L l\u00e0 \u0111i\u1ec3m kh\u1edfi \u0111\u1ea7u l\u00fd t\u01b0\u1edfng \u0111\u1ec3 s\u1ea3n xu\u1ea5t c\u00e1c m\u1ebb nh\u1ecf, th\u1ef1c hi\u1ec7n c\u00e1c th\u00ed nghi\u1ec7m v\u1ec1 h\u01b0\u01a1ng v\u1ecb ho\u1eb7c cho c\u00e1c nh\u00e0 m\u00e1y ch\u01b0ng c\u1ea5t th\u1ee7 c\u00f4ng m\u1edbi th\u00e0nh l\u1eadp. N\u00f3 k\u1ebft h\u1ee3p gi\u1eefa s\u1ea3n l\u01b0\u1ee3ng d\u1ec5 qu\u1ea3n l\u00fd v\u1edbi kh\u00f4ng gian r\u1ed9ng r\u00e3i \u0111\u1ec3 ph\u00e1t tri\u1ec3n h\u01b0\u01a1ng v\u1ecb.<\/p>\n<p>H\u01b0\u01a1ng v\u1ecb c\u1ed5 \u0111i\u1ec3n nh\u1ea5t qu\u00e1n: \u0110\u01b0\u1ee3c ch\u1ebf t\u00e1c t\u1eeb g\u1ed7 s\u1ed3i tr\u1eafng B\u1eafc M\u1ef9 \u0111\u01b0\u1ee3c ch\u1ecdn l\u1ecdc k\u1ef9 l\u01b0\u1ee1ng v\u1edbi v\u00e2n g\u1ed7 trung b\u00ecnh, mang l\u1ea1i n\u1ec1n t\u1ea3ng h\u01b0\u01a1ng v\u1ecb \u0111\u00e1ng tin c\u1eady v\u00e0 c\u1ed5 \u0111i\u1ec3n v\u1edbi c\u00e1c n\u1ed1t h\u01b0\u01a1ng vani, d\u1eeba v\u00e0 caramel cho whisky, bourbon v\u00e0 th\u1eadm ch\u00ed c\u1ea3 bia th\u1ee7 c\u00f4ng.<\/p>\n<p>Ngh\u1ec7 thu\u1eadt th\u1ee7 c\u00f4ng truy\u1ec1n th\u1ed1ng \u0111\u00edch th\u1ef1c: M\u1ed9t th\u00f9ng g\u1ed7 nguy\u00ean kh\u1ed1i \u0111\u01b0\u1ee3c ch\u1ebf t\u00e1c theo k\u1ef9 thu\u1eadt l\u00e0m th\u00f9ng g\u1ed7 truy\u1ec1n th\u1ed1ng, \u0111\u1ea3m b\u1ea3o \u0111\u1ed9 k\u00edn kh\u00edt v\u00e0 \u0111\u1ed9 b\u1ec1n cao. \u0110\u00e2y l\u00e0 m\u1ed9t c\u00f4ng c\u1ee5 \u0111\u00e1ng tin c\u1eady, t\u1eadp trung ho\u00e0n to\u00e0n v\u00e0o qu\u00e1 tr\u00ecnh \u1ee7 ch\u00edn.<\/p>\n<p>\u0110\u1ea7u t\u01b0 chuy\u00ean nghi\u1ec7p gi\u00e1 tr\u1ecb cao: Cung c\u1ea5p c\u00e1c th\u00f4ng s\u1ed1 k\u1ef9 thu\u1eadt v\u00e0 ch\u1ea5t l\u01b0\u1ee3ng chuy\u00ean nghi\u1ec7p v\u1edbi m\u1ee9c gi\u00e1 c\u1ef1c k\u1ef3 h\u1ee3p l\u00fd, s\u1ea3n ph\u1ea9m n\u00e0y l\u00e0 t\u00e0i s\u1ea3n c\u1ed1t l\u00f5i cho c\u00e1c nh\u00e0 s\u1ea3n xu\u1ea5t bia theo \u0111u\u1ed5i h\u01b0\u01a1ng v\u1ecb truy\u1ec1n th\u1ed1ng c\u1ee7a M\u1ef9.<\/p>","protected":false},"featured_media":17362,"comment_status":"open","ping_status":"closed","template":"","meta":[],"product_brand":[118],"product_cat":[100,96,79],"product_tag":[],"class_list":{"0":"post-17347","1":"product","2":"type-product","3":"status-publish","4":"has-post-thumbnail","6":"product_brand-wolin","7":"product_cat-50-l","8":"product_cat-american-white-oak","9":"product_cat-new-oak-barrel","11":"first","12":"instock","13":"shipping-taxable","14":"purchasable","15":"product-type-variable"},"_links":{"self":[{"href":"https:\/\/wolinoakcask.com\/vi\/wp-json\/wp\/v2\/product\/17347","targetHints":{"allow":["GET"]}}],"collection":[{"href":"https:\/\/wolinoakcask.com\/vi\/wp-json\/wp\/v2\/product"}],"about":[{"href":"https:\/\/wolinoakcask.com\/vi\/wp-json\/wp\/v2\/types\/product"}],"replies":[{"embeddable":true,"href":"https:\/\/wolinoakcask.com\/vi\/wp-json\/wp\/v2\/comments?post=17347"}],"version-history":[{"count":3,"href":"https:\/\/wolinoakcask.com\/vi\/wp-json\/wp\/v2\/product\/17347\/revisions"}],"predecessor-version":[{"id":17366,"href":"https:\/\/wolinoakcask.com\/vi\/wp-json\/wp\/v2\/product\/17347\/revisions\/17366"}],"wp:featuredmedia":[{"embeddable":true,"href":"https:\/\/wolinoakcask.com\/vi\/wp-json\/wp\/v2\/media\/17362"}],"wp:attachment":[{"href":"https:\/\/wolinoakcask.com\/vi\/wp-json\/wp\/v2\/media?parent=17347"}],"wp:term":[{"taxonomy":"product_brand","embeddable":true,"href":"https:\/\/wolinoakcask.com\/vi\/wp-json\/wp\/v2\/product_brand?post=17347"},{"taxonomy":"product_cat","embeddable":true,"href":"https:\/\/wolinoakcask.com\/vi\/wp-json\/wp\/v2\/product_cat?post=17347"},{"taxonomy":"product_tag","embeddable":true,"href":"https:\/\/wolinoakcask.com\/vi\/wp-json\/wp\/v2\/product_tag?post=17347"}],"curies":[{"name":"wp","href":"https:\/\/api.w.org\/{rel}","templated":true}]}}