{"id":17143,"date":"2026-01-14T09:57:53","date_gmt":"2026-01-14T09:57:53","guid":{"rendered":"https:\/\/wolinoakcask.com\/?post_type=product&#038;p=17143"},"modified":"2026-02-28T01:15:48","modified_gmt":"2026-02-28T01:15:48","slug":"new-wood-desktop","status":"publish","type":"product","link":"https:\/\/wolinoakcask.com\/vi\/san-pham\/new-wood-desktop\/","title":{"rendered":"Th\u00f9ng \u1ee7 r\u01b0\u1ee3u g\u1ed7 s\u1ed3i Mizunara Nh\u1eadt B\u1ea3n 15 l\u00edt"},"content":{"rendered":"<p class=\"jsx-3037105511 h5\">M\u00f4 t\u1ea3 s\u1ea3n ph\u1ea9m:<br \/>\n\u0110\u1ea1t \u0111\u1ebfn \u0111\u1ec9nh cao c\u1ee7a ngh\u1ec7 thu\u1eadt \u1ee7 whisky. Th\u00f9ng g\u1ed7 Mizunara Nh\u1eadt B\u1ea3n dung t\u00edch 15 l\u00edt n\u00e0y ch\u1ee9a \u0111\u1ef1ng huy\u1ec1n tho\u1ea1i. Nh\u1edd t\u1ed1c \u0111\u1ed9 sinh tr\u01b0\u1edfng ch\u1eadm v\u00e0 th\u00e0nh ph\u1ea7n h\u00f3a h\u1ecdc \u0111\u1ed9c \u0111\u00e1o, g\u1ed7 Mizunara t\u1ea1o ra m\u1ed9t h\u01b0\u01a1ng th\u01a1m v\u00f4 song mang \u201ctinh th\u1ea7n Zen c\u1ee7a ph\u01b0\u01a1ng \u0110\u00f4ng\u201d \u2014 m\u1ed9t b\u1ea3n giao h\u01b0\u1edfng ph\u1ee9c t\u1ea1p c\u1ee7a g\u1ed7 \u0111\u00e0n h\u01b0\u01a1ng, tr\u00e1i c\u00e2y ch\u00edn, d\u1eeba v\u00e0 m\u1ed9t ch\u00fat h\u01b0\u01a1ng tr\u1ea7m. Lo\u1ea1i g\u1ed7 n\u00e0y v\u00f4 c\u00f9ng hi\u1ebfm v\u00e0 kh\u00f3 ch\u1ebf t\u00e1c, khi\u1ebfn m\u1ed7i th\u00f9ng g\u1ed7 tr\u1edf n\u00ean qu\u00fd gi\u00e1. \u1ee6 r\u01b0\u1ee3u cao c\u1ea5p trong th\u00f9ng n\u00e0y kh\u00f4ng ch\u1ec9 l\u00e0 s\u1ef1 theo \u0111u\u1ed5i \u0111\u1ec9nh cao c\u1ee7a h\u01b0\u01a1ng v\u1ecb m\u00e0 c\u00f2n l\u00e0 m\u1ed9t kho\u1ea3n \u0111\u1ea7u t\u01b0 ti\u00ean phong. T\u1ea1o n\u00ean m\u1ed9t t\u00e1c ph\u1ea9m ngh\u1ec7 thu\u1eadt b\u1ea5t h\u1ee7 v\u1edbi linh h\u1ed3n s\u00e2u s\u1eafc, m\u1ed9t t\u00e1c ph\u1ea9m s\u1ebd khi\u1ebfn ngay c\u1ea3 nh\u1eefng nh\u00e0 s\u01b0u t\u1eadp s\u00e0nh \u0111i\u1ec7u nh\u1ea5t c\u0169ng ph\u1ea3i kinh ng\u1ea1c.<\/p>","protected":false},"excerpt":{"rendered":"<p class=\"ds-markdown-paragraph\">\u0110i\u1ec3m b\u00e1n h\u00e0ng ch\u00ednh:<\/p>\n<p class=\"ds-markdown-paragraph\">\u26e9\ufe0f Huy\u1ec1n tho\u1ea1i \u201cTinh th\u1ea7n Thi\u1ec1n c\u1ee7a Ph\u01b0\u01a1ng \u0110\u00f4ng\u201d: Mizunara n\u1ed5i ti\u1ebfng v\u1edbi vi\u1ec7c mang l\u1ea1i nh\u1eefng h\u01b0\u01a1ng th\u01a1m sang tr\u1ecdng, \u0111\u1eadm ch\u1ea5t ph\u01b0\u01a1ng \u0110\u00f4ng c\u1ee7a g\u1ed7 \u0111\u00e0n h\u01b0\u01a1ng, g\u1ed7 tr\u1ea7m h\u01b0\u01a1ng, d\u1eeba v\u00e0 c\u00e1c lo\u1ea1i gia v\u1ecb hi\u1ebfm, t\u1ea1o n\u00ean m\u1ed9t h\u01b0\u01a1ng v\u1ecb s\u00e2u l\u1eafng v\u00e0 \u0111\u1ed9c \u0111\u00e1o.<\/p>\n<p class=\"ds-markdown-paragraph\">\ud83c\udfee L\u1ef1a ch\u1ecdn c\u1ee7a c\u00e1c b\u1eadc th\u1ea7y ch\u01b0ng c\u1ea5t: \u0110\u01b0\u1ee3c c\u00e1c nh\u00e0 m\u00e1y ch\u01b0ng c\u1ea5t whisky h\u00e0ng \u0111\u1ea7u c\u1ee7a Nh\u1eadt B\u1ea3n \u0111\u00e1nh gi\u00e1 cao, n\u00f3 l\u00e0 b\u00ed quy\u1ebft quan tr\u1ecdng \u0111\u1ec3 t\u1ea1o ra nh\u1eefng s\u1ea3n ph\u1ea9m c\u00f3 \u0111\u1ed9 ph\u1ee9c t\u1ea1p v\u00e0 gi\u00e1 tr\u1ecb v\u01b0\u1ee3t tr\u1ed9i.<\/p>\n<p class=\"ds-markdown-paragraph\">\ud83d\udcc8 <strong>A<\/strong> L\u1ec5 nghi ch\u1ee9ng ki\u1ebfn s\u1ef1 tinh luy\u1ec7n huy\u1ec1n tho\u1ea1i: H\u00e3y nh\u00ecn qua c\u1eeda s\u1ed5 v\u00e0 t\u1eadn m\u1eaft ch\u1ee9ng ki\u1ebfn c\u00e1ch tinh th\u1ea7n ph\u00e1t tri\u1ec3n m\u1ed9t \u00e1nh s\u00e1ng h\u1ed5 ph\u00e1ch mang phong c\u00e1ch Thi\u1ec1n trong g\u1ed7 Mizunara qu\u00fd hi\u1ebfm, tr\u1ea3i nghi\u1ec7m s\u1ef1 sang tr\u1ecdng c\u1ee7a \u201cth\u1eddi gian \u0111\u01b0\u1ee3c hi\u1ec7n th\u1ef1c h\u00f3a\".<\/p>\n<p class=\"ds-markdown-paragraph\">\ud83c\udf8e Tr\u1ea3i nghi\u1ec7m \u0111\u1ec9nh cao: \u0110\u01b0\u1ee3c thi\u1ebft k\u1ebf d\u00e0nh cho nh\u1eefng ng\u01b0\u1eddi s\u00e0nh s\u1ecfi t\u00ecm ki\u1ebfm \u0111\u1ec9nh cao c\u1ee7a qu\u00e1 tr\u00ecnh \u1ee7 ch\u00edn, s\u1ea3n ph\u1ea9m n\u00e0y nh\u1eb1m t\u1ea1o ra m\u1ed9t kho d\u1ef1 tr\u1eef c\u00e1 nh\u00e2n mang t\u00ednh c\u1ed9t m\u1ed1c.<\/p>","protected":false},"featured_media":17311,"comment_status":"open","ping_status":"closed","template":"","meta":[],"product_brand":[118],"product_cat":[99,111,79],"product_tag":[],"class_list":{"0":"post-17143","1":"product","2":"type-product","3":"status-publish","4":"has-post-thumbnail","6":"product_brand-wolin","7":"product_cat-15-l","8":"product_cat-mizunara","9":"product_cat-new-oak-barrel","11":"first","12":"instock","13":"shipping-taxable","14":"purchasable","15":"product-type-variable"},"_links":{"self":[{"href":"https:\/\/wolinoakcask.com\/vi\/wp-json\/wp\/v2\/product\/17143","targetHints":{"allow":["GET"]}}],"collection":[{"href":"https:\/\/wolinoakcask.com\/vi\/wp-json\/wp\/v2\/product"}],"about":[{"href":"https:\/\/wolinoakcask.com\/vi\/wp-json\/wp\/v2\/types\/product"}],"replies":[{"embeddable":true,"href":"https:\/\/wolinoakcask.com\/vi\/wp-json\/wp\/v2\/comments?post=17143"}],"version-history":[{"count":5,"href":"https:\/\/wolinoakcask.com\/vi\/wp-json\/wp\/v2\/product\/17143\/revisions"}],"predecessor-version":[{"id":17359,"href":"https:\/\/wolinoakcask.com\/vi\/wp-json\/wp\/v2\/product\/17143\/revisions\/17359"}],"wp:featuredmedia":[{"embeddable":true,"href":"https:\/\/wolinoakcask.com\/vi\/wp-json\/wp\/v2\/media\/17311"}],"wp:attachment":[{"href":"https:\/\/wolinoakcask.com\/vi\/wp-json\/wp\/v2\/media?parent=17143"}],"wp:term":[{"taxonomy":"product_brand","embeddable":true,"href":"https:\/\/wolinoakcask.com\/vi\/wp-json\/wp\/v2\/product_brand?post=17143"},{"taxonomy":"product_cat","embeddable":true,"href":"https:\/\/wolinoakcask.com\/vi\/wp-json\/wp\/v2\/product_cat?post=17143"},{"taxonomy":"product_tag","embeddable":true,"href":"https:\/\/wolinoakcask.com\/vi\/wp-json\/wp\/v2\/product_tag?post=17143"}],"curies":[{"name":"wp","href":"https:\/\/api.w.org\/{rel}","templated":true}]}}