{"id":17132,"date":"2026-01-14T09:56:02","date_gmt":"2026-01-14T09:56:02","guid":{"rendered":"https:\/\/wolinoakcask.com\/?post_type=product&#038;p=17132"},"modified":"2026-02-28T01:15:31","modified_gmt":"2026-02-28T01:15:31","slug":"15l-french-oak-aging-barrel","status":"publish","type":"product","link":"https:\/\/wolinoakcask.com\/vi\/san-pham\/15l-french-oak-aging-barrel\/","title":{"rendered":"Th\u00f9ng \u1ee7 r\u01b0\u1ee3u g\u1ed7 s\u1ed3i Ph\u00e1p 15 l\u00edt"},"content":{"rendered":"<p class=\"ds-markdown-paragraph\">M\u00f4 t\u1ea3 s\u1ea3n ph\u1ea9m:<br \/>\nTr\u1ea3i nghi\u1ec7m di s\u1ea3n th\u1ee7 c\u00f4ng t\u1eeb nh\u1eefng khu r\u1eebng c\u1ee7a Ph\u00e1p. Th\u00f9ng g\u1ed7 s\u1ed3i Ph\u00e1p 15 l\u00edt n\u00e0y \u0111\u01b0\u1ee3c ch\u1ebf t\u00e1c t\u1eeb g\u1ed7 s\u1ed3i cao c\u1ea5p, v\u00e2n g\u1ed7 m\u1ecbn, v\u00e0 \u0111\u01b0\u1ee3c thi\u1ebft k\u1ebf \u0111\u1ec3 mang l\u1ea1i h\u01b0\u01a1ng v\u1ecb tinh t\u1ebf, kh\u00f4ng qu\u00e1 n\u1ed3ng n\u00e0n cho c\u00e1c lo\u1ea1i r\u01b0\u1ee3u c\u1ee7a b\u1ea1n. N\u00f3 nh\u1eb9 nh\u00e0ng h\u00f2a quy\u1ec7n tannin tinh t\u1ebf v\u00e0 mang \u0111\u1ebfn h\u01b0\u01a1ng v\u1ecb gia v\u1ecb, b\u00e1nh m\u00ec n\u01b0\u1edbng, v\u00e0 h\u01b0\u01a1ng kh\u00f3i nh\u1eb9 nh\u00e0ng, l\u00e0m cho n\u00f3 tr\u1edf th\u00e0nh l\u1ef1a ch\u1ecdn l\u00fd t\u01b0\u1edfng cho c\u00e1c nh\u00e0 l\u00e0m r\u01b0\u1ee3u t\u00ecm ki\u1ebfm s\u1ef1 ph\u1ee9c t\u1ea1p v\u00e0 c\u00e2n b\u1eb1ng. D\u00f9 \u0111\u01b0\u1ee3c s\u1eed d\u1ee5ng \u0111\u1ec3 tinh ch\u1ebf m\u1ed9t m\u1ebb r\u01b0\u1ee3u vang t\u1ef1 l\u00e0m, \u1ee7 brandy, hay th\u00eam m\u1ed9t ch\u00fat phong c\u00e1ch ch\u00e2u \u00c2u cho d\u1ef1 \u00e1n whisky c\u1ee7a b\u1ea1n, n\u00f3 \u0111\u00f3ng vai tr\u00f2 nh\u01b0 m\u1ed9t c\u1ea7u n\u1ed1i k\u1ebft n\u1ed1i b\u1ea1n v\u1edbi truy\u1ec1n th\u1ed1ng \u1ee7 th\u00f9ng g\u1ed7 c\u1ed5 x\u01b0a.<\/p>","protected":false},"excerpt":{"rendered":"<p class=\"ds-markdown-paragraph\">\u0110i\u1ec3m b\u00e1n h\u00e0ng ch\u00ednh:<\/p>\n<p class=\"ds-markdown-paragraph\">\ud83c\udf47 M\u1ed9t m\u00e0n tr\u00ecnh di\u1ec5n th\u1ecb gi\u00e1c tinh t\u1ebf v\u1ec1 h\u01b0\u01a1ng v\u1ecb: C\u1eeda s\u1ed5 quan s\u00e1t b\u1eb1ng k\u00ednh cho ph\u00e9p b\u1ea1n c\u1ea3m nh\u1eadn m\u1ed9t c\u00e1ch tr\u1ef1c quan c\u00e1ch th\u1ee9c r\u01b0\u1ee3u ph\u00e1t tri\u1ec3n m\u1ed9t m\u00e0u s\u1eafc phong ph\u00fa v\u00e0 tinh t\u1ebf h\u01a1n khi h\u1ea5p th\u1ee5 c\u00e1c tannin tinh t\u1ebf v\u00e0 gia v\u1ecb ph\u1ee9c t\u1ea1p t\u1eeb g\u1ed7 s\u1ed3i Ph\u00e1p.<\/p>\n<p class=\"ds-markdown-paragraph\">\ud83c\udfc6 L\u1ef1a ch\u1ecdn g\u1ed7 qu\u00fd hi\u1ebfm: \u0110\u01b0\u1ee3c khai th\u00e1c t\u1eeb nh\u1eefng khu r\u1eebng n\u1ed5i ti\u1ebfng c\u1ee7a Ph\u00e1p nh\u01b0 Tron\u00e7ais, n\u1ed5i ti\u1ebfng v\u1edbi v\u00e2n g\u1ed7 d\u00e0y \u0111\u1eb7c, l\u00e0 l\u1ef1a ch\u1ecdn truy\u1ec1n th\u1ed1ng cho vi\u1ec7c \u1ee7 r\u01b0\u1ee3u vang cao c\u1ea5p v\u00e0 Cognac.<\/p>\n<p class=\"ds-markdown-paragraph\">\ud83c\udf77 \u0110a n\u0103ng cho nhi\u1ec1u lo\u1ea1i r\u01b0\u1ee3u m\u1ea1nh: \u0110\u1eb7c bi\u1ec7t ph\u00f9 h\u1ee3p \u0111\u1ec3 ho\u00e0n thi\u1ec7n r\u01b0\u1ee3u vang t\u1ef1 l\u00e0m, \u1ee7 brandy ho\u1eb7c th\u00eam m\u1ed9t ch\u00fat phong c\u00e1ch ch\u00e2u \u00c2u sang tr\u1ecdng cho whisky.<\/p>\n<p class=\"ds-markdown-paragraph\">\ud83c\udfa8 Ngh\u1ec7 thu\u1eadt l\u1edbp h\u01b0\u01a1ng v\u1ecb: Ho\u00e0n h\u1ea3o cho k\u1ef9 thu\u1eadt \u201cho\u00e0n thi\u1ec7n\u201d ho\u1eb7c \"ho\u00e0n thi\u1ec7n trong th\u00f9ng g\u1ed7\", th\u00eam m\u1ed9t l\u1edbp h\u01b0\u01a1ng v\u1ecb ph\u1ee9c t\u1ea1p v\u00e0 tinh t\u1ebf cu\u1ed1i c\u00f9ng cho c\u00e1c lo\u1ea1i r\u01b0\u1ee3u \u0111\u00e3 \u0111\u01b0\u1ee3c \u1ee7 tr\u01b0\u1edbc.<\/p>","protected":false},"featured_media":17311,"comment_status":"open","ping_status":"closed","template":"","meta":[],"product_brand":[],"product_cat":[99,114,79],"product_tag":[],"class_list":{"0":"post-17132","1":"product","2":"type-product","3":"status-publish","4":"has-post-thumbnail","6":"product_cat-15-l","7":"product_cat-french-oak","8":"product_cat-new-oak-barrel","10":"first","11":"instock","12":"shipping-taxable","13":"purchasable","14":"product-type-variable"},"_links":{"self":[{"href":"https:\/\/wolinoakcask.com\/vi\/wp-json\/wp\/v2\/product\/17132","targetHints":{"allow":["GET"]}}],"collection":[{"href":"https:\/\/wolinoakcask.com\/vi\/wp-json\/wp\/v2\/product"}],"about":[{"href":"https:\/\/wolinoakcask.com\/vi\/wp-json\/wp\/v2\/types\/product"}],"replies":[{"embeddable":true,"href":"https:\/\/wolinoakcask.com\/vi\/wp-json\/wp\/v2\/comments?post=17132"}],"version-history":[{"count":6,"href":"https:\/\/wolinoakcask.com\/vi\/wp-json\/wp\/v2\/product\/17132\/revisions"}],"predecessor-version":[{"id":17356,"href":"https:\/\/wolinoakcask.com\/vi\/wp-json\/wp\/v2\/product\/17132\/revisions\/17356"}],"wp:featuredmedia":[{"embeddable":true,"href":"https:\/\/wolinoakcask.com\/vi\/wp-json\/wp\/v2\/media\/17311"}],"wp:attachment":[{"href":"https:\/\/wolinoakcask.com\/vi\/wp-json\/wp\/v2\/media?parent=17132"}],"wp:term":[{"taxonomy":"product_brand","embeddable":true,"href":"https:\/\/wolinoakcask.com\/vi\/wp-json\/wp\/v2\/product_brand?post=17132"},{"taxonomy":"product_cat","embeddable":true,"href":"https:\/\/wolinoakcask.com\/vi\/wp-json\/wp\/v2\/product_cat?post=17132"},{"taxonomy":"product_tag","embeddable":true,"href":"https:\/\/wolinoakcask.com\/vi\/wp-json\/wp\/v2\/product_tag?post=17132"}],"curies":[{"name":"wp","href":"https:\/\/api.w.org\/{rel}","templated":true}]}}