{"id":16637,"date":"2025-11-15T11:54:06","date_gmt":"2025-11-15T11:54:06","guid":{"rendered":"https:\/\/wolinoakcask.com\/?post_type=product&#038;p=16637"},"modified":"2026-02-28T01:14:18","modified_gmt":"2026-02-28T01:14:18","slug":"800ml-japanese-mizunara-portable-whisky-aging-bottle","status":"publish","type":"product","link":"https:\/\/wolinoakcask.com\/vi\/san-pham\/800ml-japanese-mizunara-portable-whisky-aging-bottle\/","title":{"rendered":"Chai \u1ee7 whisky di \u0111\u1ed9ng 800ml l\u00e0m t\u1eeb g\u1ed7 Mizunara Nh\u1eadt B\u1ea3n"},"content":{"rendered":"<p>M\u00f4 t\u1ea3 s\u1ea3n ph\u1ea9m:<br \/>\nS\u1edf h\u1eefu m\u1ed9t huy\u1ec1n tho\u1ea1i m\u00e0 b\u1ea1n c\u00f3 th\u1ec3 chi\u00eam ng\u01b0\u1ee1ng. Gi\u00e1 tr\u1ecb qu\u00fd gi\u00e1 c\u1ee7a Mizunara n\u1eb1m \u1edf h\u01b0\u01a1ng v\u1ecb kh\u00f3 t\u1ea3 v\u00e0 s\u1ef1 ki\u00ean nh\u1eabn m\u00e0 n\u00f3 \u0111\u00f2i h\u1ecfi. Chi\u1ebfc b\u00ecnh n\u00e0y, v\u1edbi hai \u00f4 k\u00ednh, bi\u1ebfn s\u1ef1 ch\u1edd \u0111\u1ee3i \u0111\u00f3 th\u00e0nh m\u1ed9t s\u1ef1 mong \u0111\u1ee3i h\u00e0ng ng\u00e0y, c\u00f3 th\u1ec3 nh\u00ecn th\u1ea5y \u0111\u01b0\u1ee3c. H\u00e3y quan s\u00e1t c\u00e1ch tinh th\u1ea7n h\u1ed5 ph\u00e1ch, \u0111\u01b0\u1ee3c \u00f4m \u1ea5p b\u1edfi \u201cvi\u00ean kim c\u01b0\u01a1ng c\u1ee7a g\u1ed7\u201d, d\u1ea7n d\u1ea7n \u0111\u1ea1t \u0111\u01b0\u1ee3c \u0111\u1ed9 s\u00e1ng b\u00f3ng s\u00e2u s\u1eafc v\u00e0 h\u1ee9a h\u1eb9n h\u01b0\u01a1ng th\u01a1m ph\u1ee9c t\u1ea1p. \u0110\u00f3 l\u00e0 m\u1ed9t v\u1eadt ph\u1ea9m tinh th\u1ea7n k\u1ebft n\u1ed1i b\u1ea1n v\u1edbi tri\u1ebft l\u00fd \u0111\u1eb1ng sau vi\u1ec7c s\u1ea3n xu\u1ea5t whisky Nh\u1eadt B\u1ea3n h\u00e0ng \u0111\u1ea7u, bi\u1ebfn m\u1ed7i d\u1ef1 \u00e1n \u1ee7 r\u01b0\u1ee3u th\u00e0nh m\u1ed9t l\u1ec5 nghi \u0111\u00e1ng mong ch\u1edd v\u1edbi s\u1ef1 h\u1ed3i h\u1ed9p.<\/p>","protected":false},"excerpt":{"rendered":"<p class=\"jsx-3037105511 h4\">\u0110i\u1ec3m b\u00e1n h\u00e0ng ch\u00ednh:<br \/>\n\u26e9\ufe0f Ch\u1ee9ng ki\u1ebfn s\u1ef1 th\u0103ng hoa c\u1ee7a m\u1ed9t huy\u1ec1n tho\u1ea1i: S\u1ef1 hi\u1ebfm c\u00f3 c\u1ef1c \u0111\u1ed9 c\u1ee7a Mizunara v\u00e0 h\u01b0\u01a1ng th\u01a1m n\u1ed5i ti\u1ebfng mang phong c\u00e1ch \u201cZen\u201d c\u1ee7a g\u1ed7 \u0111\u00e0n h\u01b0\u01a1ng v\u00e0 tr\u1ea7m h\u01b0\u01a1ng c\u00f3 th\u1ec3 \u0111\u01b0\u1ee3c \u201cch\u1ee9ng ki\u1ebfn\u201d trong thi\u1ebft k\u1ebf n\u00e0y. H\u00e3y xem c\u00e1ch tinh th\u1ea7n ph\u00e1t tri\u1ec3n m\u1ed9t m\u00e0u s\u1eafc sang tr\u1ecdng b\u00ean trong lo\u1ea1i g\u1ed7 huy\u1ec1n tho\u1ea1i n\u00e0y.<br \/>\n\ud83c\udfee M\u1ed9t t\u00e1c ph\u1ea9m ngh\u1ec7 thu\u1eadt s\u01b0u t\u1ea7m sang tr\u1ecdng: V\u00e2n g\u1ed7 s\u1ecdc h\u1ed5 c\u1ee7a m\u1ed7i thanh g\u1ed7 Mizunara l\u00e0 m\u00f3n qu\u00e0 t\u1eeb thi\u00ean nhi\u00ean. K\u1ebft h\u1ee3p v\u1edbi c\u1eeda s\u1ed5 k\u00ednh, \u0111\u00e2y kh\u00f4ng c\u00f2n ch\u1ec9 l\u00e0 m\u1ed9t v\u1eadt ch\u1ee9a\u2014n\u00f3 l\u00e0 m\u1ed9t t\u00e1c ph\u1ea9m ngh\u1ec7 thu\u1eadt s\u01b0u t\u1ea7m, x\u1ee9ng \u0111\u00e1ng \u0111\u01b0\u1ee3c tr\u01b0ng b\u00e0y v\u00e0 truy\u1ec1n l\u1ea1i cho th\u1ebf h\u1ec7 sau.<br \/>\n\ud83d\udcc8 \u0110i\u1ec3m nh\u1ea5n c\u1ee7a gi\u00e1 tr\u1ecb v\u00e0 h\u01b0\u01a1ng v\u1ecb: L\u00e0m n\u1ed5i b\u1eadt quy tr\u00ecnh \u1ee7 Mizunara v\u1ed1n \u1ea9n gi\u1ea5u v\u00e0 sang tr\u1ecdng, bi\u1ebfn n\u00f3 th\u00e0nh m\u1ed9t nghi th\u1ee9c c\u00f3 th\u1ec3 chia s\u1ebb v\u00e0 mong \u0111\u1ee3i c\u00f9ng b\u1ea1n b\u00e8 th\u00e2n thi\u1ebft, t\u1eeb \u0111\u00f3 n\u00e2ng cao \u0111\u00e1ng k\u1ec3 t\u00ednh trang tr\u1ecdng v\u00e0 gi\u00e1 tr\u1ecb c\u1ea3m nh\u1eadn c\u1ee7a tr\u1ea3i nghi\u1ec7m th\u01b0\u1edfng th\u1ee9c.<br \/>\n\u2728 Trung t\u00e2m c\u1ee7a m\u1ed9t tr\u1ea3i nghi\u1ec7m \u0111\u1ec9nh cao: \u0110\u01b0\u1ee3c thi\u1ebft k\u1ebf d\u00e0nh cho nh\u1eefng ng\u01b0\u1eddi s\u00e0nh \u0111i\u1ec7u nh\u1ea5t, n\u00f3 mang \u0111\u1ebfn m\u1ed9t h\u00e0nh tr\u00ecnh c\u1ea3m gi\u00e1c ho\u00e0n h\u1ea3o v\u00e0 \u0111\u1eb3ng c\u1ea5p nh\u1ea5t\u2014t\u1eeb s\u1ef1 mong \u0111\u1ee3i th\u1ecb gi\u00e1c \u0111\u1ebfn s\u1ef1 \u0111\u1eafm ch\u00ecm trong h\u01b0\u01a1ng th\u01a1m, v\u00e0 cu\u1ed1i c\u00f9ng l\u00e0 s\u1ef1 t\u1eadn h\u01b0\u1edfng v\u1ecb gi\u00e1c.<\/p>","protected":false},"featured_media":17344,"comment_status":"open","ping_status":"closed","template":"","meta":[],"product_brand":[118],"product_cat":[98,111,79],"product_tag":[],"class_list":{"0":"post-16637","1":"product","2":"type-product","3":"status-publish","4":"has-post-thumbnail","6":"product_brand-wolin","7":"product_cat-800-ml","8":"product_cat-mizunara","9":"product_cat-new-oak-barrel","11":"first","12":"instock","13":"shipping-taxable","14":"purchasable","15":"product-type-variable"},"_links":{"self":[{"href":"https:\/\/wolinoakcask.com\/vi\/wp-json\/wp\/v2\/product\/16637","targetHints":{"allow":["GET"]}}],"collection":[{"href":"https:\/\/wolinoakcask.com\/vi\/wp-json\/wp\/v2\/product"}],"about":[{"href":"https:\/\/wolinoakcask.com\/vi\/wp-json\/wp\/v2\/types\/product"}],"replies":[{"embeddable":true,"href":"https:\/\/wolinoakcask.com\/vi\/wp-json\/wp\/v2\/comments?post=16637"}],"version-history":[{"count":4,"href":"https:\/\/wolinoakcask.com\/vi\/wp-json\/wp\/v2\/product\/16637\/revisions"}],"predecessor-version":[{"id":17354,"href":"https:\/\/wolinoakcask.com\/vi\/wp-json\/wp\/v2\/product\/16637\/revisions\/17354"}],"wp:featuredmedia":[{"embeddable":true,"href":"https:\/\/wolinoakcask.com\/vi\/wp-json\/wp\/v2\/media\/17344"}],"wp:attachment":[{"href":"https:\/\/wolinoakcask.com\/vi\/wp-json\/wp\/v2\/media?parent=16637"}],"wp:term":[{"taxonomy":"product_brand","embeddable":true,"href":"https:\/\/wolinoakcask.com\/vi\/wp-json\/wp\/v2\/product_brand?post=16637"},{"taxonomy":"product_cat","embeddable":true,"href":"https:\/\/wolinoakcask.com\/vi\/wp-json\/wp\/v2\/product_cat?post=16637"},{"taxonomy":"product_tag","embeddable":true,"href":"https:\/\/wolinoakcask.com\/vi\/wp-json\/wp\/v2\/product_tag?post=16637"}],"curies":[{"name":"wp","href":"https:\/\/api.w.org\/{rel}","templated":true}]}}