{"id":16547,"date":"2025-11-15T08:35:31","date_gmt":"2025-11-15T08:35:31","guid":{"rendered":"https:\/\/wolinoakcask.com\/?post_type=product&#038;p=16547"},"modified":"2026-02-28T01:14:00","modified_gmt":"2026-02-28T01:14:00","slug":"800-ml-french-oak-flask-%e4%b8%a8portable-whiskey-aging-%e4%b8%a8maturing-flask","status":"publish","type":"product","link":"https:\/\/wolinoakcask.com\/vi\/san-pham\/800-ml-french-oak-flask-%e4%b8%a8portable-whiskey-aging-%e4%b8%a8maturing-flask\/","title":{"rendered":"Chai \u1ee7 whisky di \u0111\u1ed9ng b\u1eb1ng g\u1ed7 s\u1ed3i Ph\u00e1p dung t\u00edch 800ml"},"content":{"rendered":"<p>M\u00f4 t\u1ea3 s\u1ea3n ph\u1ea9m:<br \/>\nH\u00e3y ch\u1ee9ng ki\u1ebfn qu\u00e1 tr\u00ecnh l\u00e3o h\u00f3a c\u1ee7a m\u1ed9t h\u1ea7m r\u01b0\u1ee3u mini ch\u00e2u \u00c2u ngay tr\u01b0\u1edbc m\u1eaft b\u1ea1n. S\u1ef1 tinh t\u1ebf c\u1ee7a g\u1ed7 s\u1ed3i Ph\u00e1p v\u00e0 s\u1ee9c s\u1ed1ng c\u1ee7a r\u01b0\u1ee3u vang t\u1ea1o n\u00ean m\u1ed9t ph\u1ea3n \u1ee9ng h\u00f3a h\u1ecdc nh\u1eb9 nh\u00e0ng, \u0111\u01b0\u1ee3c bao b\u1ecdc b\u1edfi khung k\u00ednh quan s\u00e1t. \u0110\u00e2y kh\u00f4ng ch\u1ec9 l\u00e0 m\u1ed9t chi\u1ebfc b\u00ecnh ch\u1ee9a\u2014n\u00f3 l\u00e0 m\u1ed9t \u201cs\u00e2n kh\u1ea5u h\u01b0\u01a1ng v\u1ecb\u201d, cho ph\u00e9p b\u1ea1n ch\u1ee9ng ki\u1ebfn c\u00e1ch m\u1ed7i gi\u1ecdt r\u01b0\u1ee3u h\u1ea5p th\u1ee5 tinh hoa c\u1ee7a g\u1ed7, tr\u1edf n\u00ean \u0111\u1eadm \u0111\u00e0 h\u01a1n v\u1ec1 m\u00e0u s\u1eafc v\u00e0 tr\u00f2n tr\u1ecba h\u01a1n v\u1ec1 h\u01b0\u01a1ng v\u1ecb. M\u1ed9t l\u1ef1a ch\u1ecdn d\u00e0nh cho nh\u1eefng ng\u01b0\u1eddi s\u00e0nh \u0111i\u1ec7u t\u00ecm ki\u1ebfm c\u1ea3 th\u1ea9m m\u1ef9 cu\u1ed9c s\u1ed1ng v\u00e0 \u0111\u1ed9 s\u00e2u trong tr\u1ea3i nghi\u1ec7m th\u01b0\u1edfng th\u1ee9c.<\/p>","protected":false},"excerpt":{"rendered":"<p class=\"jsx-3037105511 h4\">\u0110i\u1ec3m b\u00e1n h\u00e0ng ch\u00ednh:<br \/>\n\ud83d\uddbc\ufe0f Kh\u00f4ng gian ch\u00e2u \u00c2u thanh l\u1ecbch: Qua l\u1edbp k\u00ednh, b\u1ea1n c\u00f3 th\u1ec3 quan s\u00e1t tinh th\u1ea7n r\u01b0\u1ee3u t\u1eeb t\u1eeb chuy\u1ec3n sang m\u00e0u h\u1ed5 ph\u00e1ch sang tr\u1ecdng d\u01b0\u1edbi t\u00e1c \u0111\u1ed9ng c\u1ee7a g\u1ed7 s\u1ed3i Ph\u00e1p, trong khi c\u00e1c tannin v\u00e0 h\u01b0\u01a1ng v\u1ecb gia v\u1ecb d\u1ea7n h\u00f2a quy\u1ec7n v\u00e0o nhau.<br \/>\n\ud83c\udf47 Nh\u00e0 h\u00e1t H\u01b0\u01a1ng v\u1ecb Tinh t\u1ebf: G\u1ed7 s\u1ed3i Ph\u00e1p (nh\u01b0 t\u1eeb Tron\u00e7ais) \u0111\u01b0\u1ee3c bi\u1ebft \u0111\u1ebfn v\u1edbi tannin m\u1ecbn m\u00e0ng v\u00e0 h\u01b0\u01a1ng v\u1ecb gia v\u1ecb ph\u1ee9c t\u1ea1p. Thi\u1ebft k\u1ebf n\u00e0y cho ph\u00e9p b\u1ea1n \u201cquan s\u00e1t\u201d c\u00e1ch n\u00f3 mang l\u1ea1i \u0111\u1ed9 s\u00e2u v\u00e0 k\u1ebft c\u1ea5u m\u01b0\u1ee3t m\u00e0 cho whisky ho\u1eb7c brandy.<br \/>\n\ud83c\udfa8 \u0110\u1ed1i tho\u1ea1i gi\u1eefa Ngh\u1ec7 thu\u1eadt th\u1ee7 c\u00f4ng v\u00e0 Thi\u1ebft k\u1ebf: M\u1ed7i v\u00e2n g\u1ed7 s\u1ed3i Ph\u00e1p tr\u00ean th\u00e2n th\u00f9ng tr\u1edf th\u00e0nh m\u1ed9t h\u1ecda ti\u1ebft t\u1ef1 nhi\u00ean, c\u00f9ng v\u1edbi d\u00f2ng ch\u1ea5t l\u1ecfng ch\u1ea3y \u1edf trung t\u00e2m, t\u1ea1o n\u00ean m\u1ed9t b\u1ee9c tranh ba chi\u1ec1u lu\u00f4n bi\u1ebfn \u0111\u1ed5i.<br \/>\n\ud83d\udd0d C\u00f4ng c\u1ee5 h\u1ed7 tr\u1ee3 gi\u00e1o d\u1ee5c v\u1ec1 th\u01b0\u1edfng th\u1ee9c: Cung c\u1ea5p cho nh\u1eefng ng\u01b0\u1eddi \u0111am m\u00ea m\u1ed9t m\u1eabu quan s\u00e1t tuy\u1ec7t v\u1eddi \u0111\u1ec3 so s\u00e1nh tr\u1ef1c quan nh\u1eefng kh\u00e1c bi\u1ec7t tinh t\u1ebf v\u1ec1 c\u00e1ch c\u00e1c lo\u1ea1i g\u1ed7 kh\u00e1c nhau \u1ea3nh h\u01b0\u1edfng \u0111\u1ebfn m\u00e0u s\u1eafc c\u1ee7a r\u01b0\u1ee3u.<\/p>","protected":false},"featured_media":17344,"comment_status":"open","ping_status":"closed","template":"","meta":[],"product_brand":[118],"product_cat":[98,114,79],"product_tag":[],"class_list":{"0":"post-16547","1":"product","2":"type-product","3":"status-publish","4":"has-post-thumbnail","6":"product_brand-wolin","7":"product_cat-800-ml","8":"product_cat-french-oak","9":"product_cat-new-oak-barrel","11":"first","12":"instock","13":"shipping-taxable","14":"purchasable","15":"product-type-variable"},"_links":{"self":[{"href":"https:\/\/wolinoakcask.com\/vi\/wp-json\/wp\/v2\/product\/16547","targetHints":{"allow":["GET"]}}],"collection":[{"href":"https:\/\/wolinoakcask.com\/vi\/wp-json\/wp\/v2\/product"}],"about":[{"href":"https:\/\/wolinoakcask.com\/vi\/wp-json\/wp\/v2\/types\/product"}],"replies":[{"embeddable":true,"href":"https:\/\/wolinoakcask.com\/vi\/wp-json\/wp\/v2\/comments?post=16547"}],"version-history":[{"count":5,"href":"https:\/\/wolinoakcask.com\/vi\/wp-json\/wp\/v2\/product\/16547\/revisions"}],"predecessor-version":[{"id":17350,"href":"https:\/\/wolinoakcask.com\/vi\/wp-json\/wp\/v2\/product\/16547\/revisions\/17350"}],"wp:featuredmedia":[{"embeddable":true,"href":"https:\/\/wolinoakcask.com\/vi\/wp-json\/wp\/v2\/media\/17344"}],"wp:attachment":[{"href":"https:\/\/wolinoakcask.com\/vi\/wp-json\/wp\/v2\/media?parent=16547"}],"wp:term":[{"taxonomy":"product_brand","embeddable":true,"href":"https:\/\/wolinoakcask.com\/vi\/wp-json\/wp\/v2\/product_brand?post=16547"},{"taxonomy":"product_cat","embeddable":true,"href":"https:\/\/wolinoakcask.com\/vi\/wp-json\/wp\/v2\/product_cat?post=16547"},{"taxonomy":"product_tag","embeddable":true,"href":"https:\/\/wolinoakcask.com\/vi\/wp-json\/wp\/v2\/product_tag?post=16547"}],"curies":[{"name":"wp","href":"https:\/\/api.w.org\/{rel}","templated":true}]}}