{"id":16542,"date":"2025-11-15T08:35:06","date_gmt":"2025-11-15T08:35:06","guid":{"rendered":"https:\/\/wolinoakcask.com\/?post_type=product&#038;p=16542"},"modified":"2026-02-28T01:15:23","modified_gmt":"2026-02-28T01:15:23","slug":"15l-american-white-oak-aging-barrel","status":"publish","type":"product","link":"https:\/\/wolinoakcask.com\/vi\/san-pham\/15l-american-white-oak-aging-barrel\/","title":{"rendered":"Th\u00f9ng \u1ee7 r\u01b0\u1ee3u g\u1ed7 s\u1ed3i tr\u1eafng M\u1ef9 15 l\u00edt"},"content":{"rendered":"<p class=\"ds-markdown-paragraph\">M\u00f4 t\u1ea3 s\u1ea3n ph\u1ea9m:<br \/>\nTh\u00f9ng g\u1ed7 s\u1ed3i tr\u1eafng M\u1ef9 15 l\u00edt n\u00e0y l\u00e0 ch\u00eca kh\u00f3a gi\u00fap b\u1ea1n kh\u00e1m ph\u00e1 ngh\u1ec7 thu\u1eadt \u1ee7 r\u01b0\u1ee3u t\u1ea1i nh\u00e0. \u0110\u01b0\u1ee3c l\u00e0m t\u1eeb lo\u1ea1i g\u1ed7 truy\u1ec1n th\u1ed1ng d\u00f9ng \u0111\u1ec3 \u1ee7 r\u01b0\u1ee3u bourbon, th\u00f9ng n\u00e0y s\u1ebd mang \u0111\u1ebfn cho r\u01b0\u1ee3u trung t\u00ednh ho\u1eb7c r\u01b0\u1ee3u whisky tr\u1ebb nh\u1eefng l\u1edbp h\u01b0\u01a1ng v\u1ecb phong ph\u00fa c\u1ee7a vani, caramel v\u00e0 h\u01b0\u01a1ng gia v\u1ecb tinh t\u1ebf. Dung t\u00edch nh\u1ecf h\u01a1n cho ph\u00e9p b\u1ea1n ch\u1ee9ng ki\u1ebfn s\u1ef1 bi\u1ebfn \u0111\u1ed5i k\u1ef3 di\u1ec7u c\u1ee7a h\u01b0\u01a1ng v\u1ecb trong v\u00e0i th\u00e1ng thay v\u00ec v\u00e0i n\u0103m, khi\u1ebfn n\u00f3 tr\u1edf th\u00e0nh c\u00f4ng c\u1ee5 tuy\u1ec7t v\u1eddi cho vi\u1ec7c th\u1eed nghi\u1ec7m h\u01b0\u01a1ng v\u1ecb v\u00e0 t\u1ea1o ra c\u00e1c lo\u1ea1i r\u01b0\u1ee3u c\u00e1 nh\u00e2n h\u00f3a. D\u00f9 \u0111\u01b0\u1ee3c s\u1eed d\u1ee5ng cho whiskey, rum hay c\u00e1c lo\u1ea1i \u0111\u1ed3 u\u1ed1ng s\u00e1ng t\u1ea1o kh\u00e1c, n\u00f3 mang \u0111\u1ebfn tr\u1ea3i nghi\u1ec7m h\u01b0\u01a1ng v\u1ecb g\u1ed7 s\u1ed3i M\u1ef9 \u0111\u00edch th\u1ef1c.<\/p>","protected":false},"excerpt":{"rendered":"<p class=\"ds-markdown-paragraph\">\u0110i\u1ec3m b\u00e1n h\u00e0ng ch\u00ednh:<\/p>\n<p class=\"ds-markdown-paragraph\">\ud83e\udd43 Ph\u00f2ng Th\u00ed Nghi\u1ec7m L\u00e3o H\u00f3a Th\u1ecb Gi\u00e1c: C\u00e1c t\u1ea5m k\u00ednh trong su\u1ed1t \u0111\u01b0\u1ee3c l\u1eafp \u0111\u1eb7t \u1edf c\u1ea3 hai b\u00ean th\u00f9ng, cho ph\u00e9p b\u1ea1n tr\u1ef1c ti\u1ebfp quan s\u00e1t to\u00e0n b\u1ed9 qu\u00e1 tr\u00ecnh whisky d\u1ea7n chuy\u1ec3n h\u00f3a th\u00e0nh m\u00e0u v\u00e0ng h\u1ed5 ph\u00e1ch d\u01b0\u1edbi t\u00e1c \u0111\u1ed9ng c\u1ee7a g\u1ed7 s\u1ed3i tr\u1eafng M\u1ef9 truy\u1ec1n th\u1ed1ng.<\/p>\n<p class=\"ds-markdown-paragraph\">\u26a1 Chi\u1ebft xu\u1ea5t h\u01b0\u01a1ng v\u1ecb nhanh ch\u00f3ng: Dung t\u00edch nh\u1ecf 15 l\u00edt gi\u00fap t\u0103ng t\u1ef7 l\u1ec7 ti\u1ebfp x\u00fac gi\u1eefa ch\u1ea5t l\u1ecfng v\u00e0 g\u1ed7, t\u1eeb \u0111\u00f3 \u0111\u1ea9y nhanh qu\u00e1 tr\u00ecnh \u1ee7 v\u00e0 gi\u1ea3m th\u1eddi gian ch\u1edd \u0111\u1ee3i.<\/p>\n<p class=\"ds-markdown-paragraph\">\ud83d\udee0\ufe0f Ngh\u1ec7 thu\u1eadt ch\u1ebf t\u00e1c tinh x\u1ea3o: \u0110\u01b0\u1ee3c l\u00e0m t\u1eeb g\u1ed7 s\u1ed3i tr\u1eafng B\u1eafc M\u1ef9 ch\u1ea5t l\u01b0\u1ee3ng cao, \u0111\u01b0\u1ee3c n\u01b0\u1edbng v\u00e0 hun kh\u00f3i m\u1ed9t c\u00e1ch ch\u00ednh x\u00e1c, v\u1edbi c\u1ea5u tr\u00fac ch\u1eafc ch\u1eafn \u0111\u1ec3 \u0111\u1ea3m b\u1ea3o h\u01b0\u01a1ng v\u1ecb \u0111\u01b0\u1ee3c th\u1ea9m th\u1ea5u \u0111\u1ec1u \u0111\u1eb7n.<\/p>\n<p class=\"ds-markdown-paragraph\">\ud83c\udf81 L\u1ef1a ch\u1ecdn l\u00fd t\u01b0\u1edfng cho ng\u01b0\u1eddi m\u1edbi b\u1eaft \u0111\u1ea7u: Ho\u00e0n h\u1ea3o cho nh\u1eefng ng\u01b0\u1eddi \u0111am m\u00ea mu\u1ed1n th\u1eed nghi\u1ec7m qu\u00e1 tr\u00ecnh \u1ee7 r\u01b0\u1ee3u t\u1ea1i nh\u00e0 l\u1ea7n \u0111\u1ea7u ti\u00ean ho\u1eb7c \u0111\u1ec3 t\u1ea1o ra nh\u1eefng m\u00f3n qu\u00e0 c\u00f3 h\u01b0\u01a1ng v\u1ecb \u0111\u1ed9c \u0111\u00e1o cho c\u00e1c d\u1ecbp l\u1ec5 h\u1ed9i.<\/p>","protected":false},"featured_media":17311,"comment_status":"open","ping_status":"closed","template":"","meta":[],"product_brand":[118],"product_cat":[99,96,79],"product_tag":[119,120],"class_list":{"0":"post-16542","1":"product","2":"type-product","3":"status-publish","4":"has-post-thumbnail","6":"product_brand-wolin","7":"product_cat-15-l","8":"product_cat-american-white-oak","9":"product_cat-new-oak-barrel","10":"product_tag-barrel","11":"product_tag-whisky","13":"first","14":"instock","15":"shipping-taxable","16":"purchasable","17":"product-type-variable"},"_links":{"self":[{"href":"https:\/\/wolinoakcask.com\/vi\/wp-json\/wp\/v2\/product\/16542","targetHints":{"allow":["GET"]}}],"collection":[{"href":"https:\/\/wolinoakcask.com\/vi\/wp-json\/wp\/v2\/product"}],"about":[{"href":"https:\/\/wolinoakcask.com\/vi\/wp-json\/wp\/v2\/types\/product"}],"replies":[{"embeddable":true,"href":"https:\/\/wolinoakcask.com\/vi\/wp-json\/wp\/v2\/comments?post=16542"}],"version-history":[{"count":6,"href":"https:\/\/wolinoakcask.com\/vi\/wp-json\/wp\/v2\/product\/16542\/revisions"}],"predecessor-version":[{"id":17355,"href":"https:\/\/wolinoakcask.com\/vi\/wp-json\/wp\/v2\/product\/16542\/revisions\/17355"}],"wp:featuredmedia":[{"embeddable":true,"href":"https:\/\/wolinoakcask.com\/vi\/wp-json\/wp\/v2\/media\/17311"}],"wp:attachment":[{"href":"https:\/\/wolinoakcask.com\/vi\/wp-json\/wp\/v2\/media?parent=16542"}],"wp:term":[{"taxonomy":"product_brand","embeddable":true,"href":"https:\/\/wolinoakcask.com\/vi\/wp-json\/wp\/v2\/product_brand?post=16542"},{"taxonomy":"product_cat","embeddable":true,"href":"https:\/\/wolinoakcask.com\/vi\/wp-json\/wp\/v2\/product_cat?post=16542"},{"taxonomy":"product_tag","embeddable":true,"href":"https:\/\/wolinoakcask.com\/vi\/wp-json\/wp\/v2\/product_tag?post=16542"}],"curies":[{"name":"wp","href":"https:\/\/api.w.org\/{rel}","templated":true}]}}