{"id":16437,"date":"2025-11-15T06:22:29","date_gmt":"2025-11-15T06:22:29","guid":{"rendered":"https:\/\/wolinoakcask.com\/?post_type=product&#038;p=16437"},"modified":"2026-02-28T01:13:42","modified_gmt":"2026-02-28T01:13:42","slug":"800-ml-american-white-oak-flask-%e4%b8%a8portable-whiskey-aging-%e4%b8%a8maturing-flask","status":"publish","type":"product","link":"https:\/\/wolinoakcask.com\/vi\/san-pham\/800-ml-american-white-oak-flask-%e4%b8%a8portable-whiskey-aging-%e4%b8%a8maturing-flask\/","title":{"rendered":"Chai \u1ee7 r\u01b0\u1ee3u whisky di \u0111\u1ed9ng 800 ml l\u00e0m t\u1eeb g\u1ed7 s\u1ed3i tr\u1eafng M\u1ef9 \u4e28Chai \u1ee7 r\u01b0\u1ee3u whisky di \u0111\u1ed9ng \u4e28Chai \u1ee7 r\u01b0\u1ee3u whisky"},"content":{"rendered":"<p>M\u00f4 t\u1ea3 s\u1ea3n ph\u1ea9m:<br \/>\nCh\u1ee9ng ki\u1ebfn s\u1ef1 h\u00f2a quy\u1ec7n c\u1ee7a h\u01b0\u01a1ng v\u1ecb v\u00e0 m\u00e0u s\u1eafc. Chi\u1ebfc th\u00f9ng \u1ee7 r\u01b0\u1ee3u \u0111\u01b0\u1ee3c thi\u1ebft k\u1ebf tinh t\u1ebf n\u00e0y tho\u00e1t kh\u1ecfi h\u00ecnh d\u1ea1ng truy\u1ec1n th\u1ed1ng c\u1ee7a th\u00f9ng g\u1ed7 ho\u1eb7c l\u1ecd th\u1ee7y tinh. D\u00e1ng v\u1ebb c\u1ed5 \u0111i\u1ec3n t\u1eeb g\u1ed7 s\u1ed3i tr\u1eafng M\u1ef9 \u0111\u01b0\u1ee3c th\u1ec3 hi\u1ec7n m\u1ed9t c\u00e1ch tinh t\u1ebf b\u00ean trong, trong khi c\u00e1c t\u1ea5m k\u00ednh b\u00ean h\u00f4ng bi\u1ebfn qu\u00e1 tr\u00ecnh \u1ee7 r\u01b0\u1ee3u th\u00e0nh m\u1ed9t t\u00e1c ph\u1ea9m ngh\u1ec7 thu\u1eadt c\u00f3 th\u1ec3 quan s\u00e1t \u0111\u01b0\u1ee3c. B\u1ea1n c\u00f3 th\u1ec3 quan s\u00e1t r\u00f5 r\u00e0ng s\u1ef1 thay \u0111\u1ed5i h\u00e0ng ng\u00e0y c\u1ee7a r\u01b0\u1ee3u t\u1eeb trong su\u1ed1t \u0111\u1ebfn m\u00e0u v\u00e0ng h\u1ed5 ph\u00e1ch, c\u1ea3m nh\u1eadn m\u1ed9t c\u00e1ch tr\u1ef1c quan s\u1ef1 k\u1ef3 di\u1ec7u c\u1ee7a qu\u00e1 tr\u00ecnh \u1ee7 ch\u00edn. N\u00f3 ho\u00e0n h\u1ea3o k\u1ebft h\u1ee3p s\u1ef1 \u1ea5m \u00e1p c\u1ee7a g\u1ed7 th\u1ee7 c\u00f4ng v\u1edbi s\u1ef1 trong su\u1ed1t c\u1ee7a k\u00ednh hi\u1ec7n \u0111\u1ea1i, mang \u0111\u1ebfn m\u1ed9t b\u1eefa ti\u1ec7c \u0111\u00f4i cho c\u1ea3 m\u1eaft v\u00e0 v\u1ecb gi\u00e1c.<\/p>","protected":false},"excerpt":{"rendered":"<p class=\"jsx-3037105511 h4\">\u0110i\u1ec3m b\u00e1n h\u00e0ng ch\u00ednh:<br \/>\n\u2697\ufe0f C\u1ea5u tr\u00fac g\u1ed7-k\u00ednh \u0111\u1ed9c \u0111\u00e1o: Th\u00e2n chai \u0111\u01b0\u1ee3c l\u00e0m t\u1eeb c\u00e1c thanh g\u1ed7 s\u1ed3i tr\u1eafng M\u1ef9 \u0111\u01b0\u1ee3c ch\u1ecdn l\u1ecdc k\u1ef9 l\u01b0\u1ee1ng, hai b\u00ean l\u00e0 hai t\u1ea5m k\u00ednh trong su\u1ed1t cao c\u1ea5p. Kh\u00f4ng ch\u1ec9 l\u00e0 m\u1ed9t c\u00f4ng c\u1ee5 \u1ee7 r\u01b0\u1ee3u, \u0111\u00e2y c\u00f2n l\u00e0 m\u1ed9t \u201cb\u1ea3o t\u00e0ng h\u01b0\u01a1ng v\u1ecb\u201d \u0111\u1ed9ng, cho ph\u00e9p b\u1ea1n quan s\u00e1t s\u1ef1 thay \u0111\u1ed5i m\u00e0u s\u1eafc c\u1ee7a whisky theo th\u1eddi gian.<br \/>\n\ud83e\udd43 H\u01b0\u01a1ng v\u1ecb c\u1ed5 \u0111i\u1ec3n, Qu\u00e1 tr\u00ecnh l\u00e3o h\u00f3a tr\u1ef1c quan: L\u1edbp g\u1ed7 s\u1ed3i b\u00ean trong li\u00ean t\u1ee5c t\u01b0\u01a1ng t\u00e1c v\u1edbi r\u01b0\u1ee3u, t\u1eeb t\u1eeb gi\u1ea3i ph\u00f3ng nh\u1eefng n\u1ed1t h\u01b0\u01a1ng c\u1ed5 \u0111i\u1ec3n c\u1ee7a bourbon nh\u01b0 vani v\u00e0 caramel. Qua c\u1eeda s\u1ed5 quan s\u00e1t, b\u1ea1n c\u00f3 th\u1ec3 ch\u1ee9ng ki\u1ebfn ch\u1ea5t l\u1ecfng d\u1ea7n chuy\u1ec3n sang m\u00e0u v\u00e0ng \u00f3ng \u1ea3 v\u00e0 \u0111\u1eadm \u0111\u00e0 trong qu\u00e1 tr\u00ecnh \u1ee7 ch\u00edn.<br \/>\n\ud83d\udee0\ufe0f K\u1ef9 thu\u1eadt ch\u1ebf t\u00e1c tinh x\u1ea3o: C\u00e1c thanh g\u1ed7 \u0111\u01b0\u1ee3c gh\u00e9p n\u1ed1i ch\u00ednh x\u00e1c t\u1ea1o n\u00ean c\u1ea5u tr\u00fac k\u00edn \u0111\u00e1o v\u00e0 ch\u1eafc ch\u1eafn, \u0111\u1ed3ng th\u1eddi t\u1ed1i \u01b0u h\u00f3a di\u1ec7n t\u00edch ti\u1ebfp x\u00fac gi\u1eefa ch\u1ea5t l\u1ecfng v\u00e0 g\u1ed7 \u0111\u1ec3 \u0111\u1ea3m b\u1ea3o qu\u00e1 tr\u00ecnh trao \u0111\u1ed5i h\u01b0\u01a1ng v\u1ecb hi\u1ec7u qu\u1ea3.<br \/>\n\ud83c\udf81 Trang tr\u00ed v\u00e0 ti\u1ec7n d\u1ee5ng: D\u00f9 \u0111\u01b0\u1ee3c \u0111\u1eb7t trong qu\u1ea7y bar gia \u0111\u00ecnh hay ph\u00f2ng l\u00e0m vi\u1ec7c, n\u00f3 v\u1eeba l\u00e0 m\u1ed9t t\u00e1c ph\u1ea9m ngh\u1ec7 thu\u1eadt tinh t\u1ebf v\u1eeba l\u00e0 ch\u1ee7 \u0111\u1ec1 th\u00fa v\u1ecb \u0111\u1ec3 tr\u00f2 chuy\u1ec7n \u2014 v\u00e0 l\u00e0 m\u00f3n qu\u00e0 tuy\u1ec7t v\u1eddi cho b\u1ea5t k\u1ef3 ng\u01b0\u1eddi y\u00eau th\u00edch whisky n\u00e0o.<\/p>","protected":false},"featured_media":17344,"comment_status":"open","ping_status":"closed","template":"","meta":[],"product_brand":[118],"product_cat":[98,96,79],"product_tag":[],"class_list":{"0":"post-16437","1":"product","2":"type-product","3":"status-publish","4":"has-post-thumbnail","6":"product_brand-wolin","7":"product_cat-800-ml","8":"product_cat-american-white-oak","9":"product_cat-new-oak-barrel","11":"first","12":"instock","13":"shipping-taxable","14":"purchasable","15":"product-type-variable"},"_links":{"self":[{"href":"https:\/\/wolinoakcask.com\/vi\/wp-json\/wp\/v2\/product\/16437","targetHints":{"allow":["GET"]}}],"collection":[{"href":"https:\/\/wolinoakcask.com\/vi\/wp-json\/wp\/v2\/product"}],"about":[{"href":"https:\/\/wolinoakcask.com\/vi\/wp-json\/wp\/v2\/types\/product"}],"replies":[{"embeddable":true,"href":"https:\/\/wolinoakcask.com\/vi\/wp-json\/wp\/v2\/comments?post=16437"}],"version-history":[{"count":8,"href":"https:\/\/wolinoakcask.com\/vi\/wp-json\/wp\/v2\/product\/16437\/revisions"}],"predecessor-version":[{"id":17349,"href":"https:\/\/wolinoakcask.com\/vi\/wp-json\/wp\/v2\/product\/16437\/revisions\/17349"}],"wp:featuredmedia":[{"embeddable":true,"href":"https:\/\/wolinoakcask.com\/vi\/wp-json\/wp\/v2\/media\/17344"}],"wp:attachment":[{"href":"https:\/\/wolinoakcask.com\/vi\/wp-json\/wp\/v2\/media?parent=16437"}],"wp:term":[{"taxonomy":"product_brand","embeddable":true,"href":"https:\/\/wolinoakcask.com\/vi\/wp-json\/wp\/v2\/product_brand?post=16437"},{"taxonomy":"product_cat","embeddable":true,"href":"https:\/\/wolinoakcask.com\/vi\/wp-json\/wp\/v2\/product_cat?post=16437"},{"taxonomy":"product_tag","embeddable":true,"href":"https:\/\/wolinoakcask.com\/vi\/wp-json\/wp\/v2\/product_tag?post=16437"}],"curies":[{"name":"wp","href":"https:\/\/api.w.org\/{rel}","templated":true}]}}