{"id":3,"date":"2025-11-13T09:29:41","date_gmt":"2025-11-13T09:29:41","guid":{"rendered":"http:\/\/wolinoakcask.com\/?page_id=3"},"modified":"2026-02-06T02:25:09","modified_gmt":"2026-02-06T02:25:09","slug":"refund-return","status":"publish","type":"page","link":"https:\/\/wolinoakcask.com\/vi\/refund-return\/","title":{"rendered":"Ho\u00e0n ti\u1ec1n &amp; Tr\u1ea3 h\u00e0ng"},"content":{"rendered":"<h2 class=\"wp-block-heading\"><strong>Ch\u00ednh s\u00e1ch ho\u00e0n ti\u1ec1n v\u00e0 \u0111\u1ed5i tr\u1ea3 c\u1ee7a Wolin Cooperage<\/strong><\/h2>\n\n\n\n<p>C\u1ea3m \u01a1n qu\u00fd kh\u00e1ch \u0111\u00e3 l\u1ef1a ch\u1ecdn s\u1ea3n ph\u1ea9m c\u1ee7a Wolin Cooperage. \u0110\u1ec3 \u0111\u1ea3m b\u1ea3o qu\u00fd kh\u00e1ch c\u00f3 tr\u1ea3i nghi\u1ec7m mua s\u1eafm tho\u1ea3i m\u00e1i v\u00e0 an t\u00e2m, ch\u00fang t\u00f4i \u0111\u00e3 ban h\u00e0nh Ch\u00ednh s\u00e1ch \u0110\u1ed5i tr\u1ea3, Ho\u00e0n ti\u1ec1n v\u00e0 B\u1ea3o h\u00e0nh nh\u01b0 sau. Vui l\u00f2ng \u0111\u1ecdc k\u1ef9 tr\u01b0\u1edbc khi g\u1eedi b\u1ea5t k\u1ef3 y\u00eau c\u1ea7u n\u00e0o.<\/p>\n\n\n\n<p><strong>I. Ch\u00ednh s\u00e1ch \u0111\u1ed5i tr\u1ea3 v\u00e0 ho\u00e0n ti\u1ec1n<\/strong><br>Ch\u00fang t\u00f4i cam k\u1ebft mang \u0111\u1ebfn cho qu\u00fd kh\u00e1ch s\u1ef1 h\u00e0i l\u00f2ng tuy\u1ec7t \u0111\u1ed1i v\u1edbi s\u1ea3n ph\u1ea9m \u0111\u00e3 mua. N\u1ebfu qu\u00fd kh\u00e1ch mu\u1ed1n \u0111\u1ed5i tr\u1ea3 s\u1ea3n ph\u1ea9m v\u00ec b\u1ea5t k\u1ef3 l\u00fd do n\u00e0o, vui l\u00f2ng tu\u00e2n th\u1ee7 c\u00e1c h\u01b0\u1edbng d\u1eabn sau:<\/p>\n\n\n\n<ul class=\"wp-block-list\">\n<li>N\u1ebfu vi\u1ec7c tr\u1ea3 h\u00e0ng do ng\u01b0\u1eddi ti\u00eau d\u00f9ng g\u00e2y ra, ng\u01b0\u1eddi ti\u00eau d\u00f9ng ph\u1ea3i ch\u1ecbu ph\u00ed v\u1eadn chuy\u1ec3n. M\u1ee9c ph\u00ed c\u1ee5 th\u1ec3 s\u1ebd t\u00f9y thu\u1ed9c v\u00e0o c\u00f4ng ty chuy\u1ec3n ph\u00e1t nhanh m\u00e0 qu\u00fd kh\u00e1ch l\u1ef1a ch\u1ecdn.<\/li>\n\n\n\n<li>N\u1ebfu do l\u1ed7i t\u1eeb ph\u00eda ch\u00fang t\u00f4i m\u00e0 h\u00e0ng h\u00f3a nh\u1eadn \u0111\u01b0\u1ee3c b\u1ecb h\u01b0 h\u1ecfng ho\u1eb7c kh\u00f4ng \u0111\u00fang v\u1edbi \u0111\u01a1n \u0111\u1eb7t h\u00e0ng, ng\u01b0\u1eddi ti\u00eau d\u00f9ng s\u1ebd kh\u00f4ng ph\u1ea3i ch\u1ecbu ph\u00ed v\u1eadn chuy\u1ec3n trong tr\u01b0\u1eddng h\u1ee3p n\u00e0y.<\/li>\n<\/ul>\n\n\n\n<p><strong>Ch\u00ednh s\u00e1ch \u0111\u1ed5i tr\u1ea3 trong 7 ng\u00e0y kh\u00f4ng r\u1eafc r\u1ed1i<\/strong><\/p>\n\n\n\n<p>Trong v\u00f2ng 7 ng\u00e0y k\u1ec3 t\u1eeb khi nh\u1eadn \u0111\u01b0\u1ee3c s\u1ea3n ph\u1ea9m, qu\u00fd kh\u00e1ch c\u00f3 th\u1ec3 y\u00eau c\u1ea7u \u0111\u1ed5i tr\u1ea3 v\u00ec b\u1ea5t k\u1ef3 l\u00fd do n\u00e0o.<\/p>\n\n\n\n<p>S\u1ea3n ph\u1ea9m ph\u1ea3i c\u00f2n nguy\u00ean bao b\u00ec g\u1ed1c, ch\u01b0a qua s\u1eed d\u1ee5ng v\u00e0 kh\u00f4ng b\u1ecb h\u01b0 h\u1ecfng.<\/p>\n\n\n\n<p>Chi ph\u00ed v\u1eadn chuy\u1ec3n tr\u1ea3 h\u00e0ng do kh\u00e1ch h\u00e0ng ch\u1ecbu.<\/p>\n\n\n\n<p>\u0110\u1ed1i v\u1edbi c\u00e1c tr\u01b0\u1eddng h\u1ee3p tr\u1ea3 h\u00e0ng kh\u00f4ng li\u00ean quan \u0111\u1ebfn v\u1ea5n \u0111\u1ec1 ch\u1ea5t l\u01b0\u1ee3ng v\u00e0 \u0111\u01b0\u1ee3c y\u00eau c\u1ea7u sau th\u1eddi h\u1ea1n 7 ng\u00e0y, kh\u00e1ch h\u00e0ng ph\u1ea3i ch\u1ecbu chi ph\u00ed v\u1eadn chuy\u1ec3n tr\u1ea3 h\u00e0ng c\u00f9ng v\u1edbi m\u1ed9t kho\u1ea3n&nbsp;<strong>Ph\u00ed b\u1ed5 sung h\u00e0ng 25%<\/strong>.<\/p>\n\n\n\n<p><strong>L\u01b0u \u00fd \u0111\u1eb7c bi\u1ec7t<\/strong><br>C\u00e1c th\u00f9ng g\u1ed7 s\u1ed3i c\u1ee7a ch\u00fang t\u00f4i l\u00e0 nh\u1eefng s\u1ea3n ph\u1ea9m \u0111\u1eb7c bi\u1ec7t, \u0111\u01b0\u1ee3c ch\u1ebf t\u00e1c qua m\u1ed9t quy tr\u00ecnh t\u1ec9 m\u1ec9 k\u00e9o d\u00e0i \u00edt nh\u1ea5t ba n\u0103m, t\u1eeb kh\u00e2u l\u1ef1a ch\u1ecdn nguy\u00ean li\u1ec7u v\u00e0 s\u1ea5y kh\u00f4 t\u1ef1 nhi\u00ean cho \u0111\u1ebfn l\u1eafp r\u00e1p v\u00e0 nung ch\u00e1y. Do \u0111\u00f3, ch\u00fang t\u00f4i khuy\u1ebfn kh\u00edch qu\u00fd kh\u00e1ch c\u00e2n nh\u1eafc k\u1ef9 l\u01b0\u1ee1ng tr\u01b0\u1edbc khi mua h\u00e0ng v\u00e0 lu\u00f4n s\u1eb5n l\u00f2ng t\u01b0 v\u1ea5n cho qu\u00fd kh\u00e1ch b\u1ea5t c\u1ee9 l\u00fac n\u00e0o \u0111\u1ec3 gi\u00fap qu\u00fd kh\u00e1ch l\u1ef1a ch\u1ecdn s\u1ea3n ph\u1ea9m ph\u00f9 h\u1ee3p. C\u1ea3m \u01a1n s\u1ef1 th\u00f4ng c\u1ea3m v\u00e0 \u1ee7ng h\u1ed9 c\u1ee7a qu\u00fd kh\u00e1ch.<\/p>\n\n\n\n<p><strong>II. Ch\u00ednh s\u00e1ch b\u1ea3o h\u00e0nh<\/strong><br><strong>D\u1ecbch v\u1ee5 s\u1eeda ch\u1eefa<\/strong><br>Ch\u00fang t\u00f4i kh\u00f4ng ho\u00e0n ti\u1ec1n \u0111\u1ed1i v\u1edbi c\u00e1c h\u01b0 h\u1ecfng ph\u00e1t sinh do qu\u00e1 tr\u00ecnh s\u1eed d\u1ee5ng b\u00ecnh th\u01b0\u1eddng, hao m\u00f2n t\u1ef1 nhi\u00ean ho\u1eb7c tai n\u1ea1n. Tuy nhi\u00ean, ch\u00fang t\u00f4i v\u1eabn c\u00f3 th\u1ec3 cung c\u1ea5p d\u1ecbch v\u1ee5 s\u1eeda ch\u1eefa c\u00f3 t\u00ednh ph\u00ed. Kh\u00e1ch h\u00e0ng s\u1ebd ch\u1ecbu tr\u00e1ch nhi\u1ec7m thanh to\u00e1n chi ph\u00ed v\u1eadn chuy\u1ec3n hai chi\u1ec1u v\u00e0 ph\u00ed s\u1eeda ch\u1eefa t\u01b0\u01a1ng \u1ee9ng (t\u00f9y thu\u1ed9c v\u00e0o t\u00ednh ch\u1ea5t c\u1ee7a h\u01b0 h\u1ecfng).<\/p>\n\n\n\n<p><strong>III. Quy tr\u00ecnh \u0111\u1ed5i tr\u1ea3 v\u00e0 s\u1eeda ch\u1eefa<\/strong><br>Vui l\u00f2ng li\u00ean h\u1ec7 v\u1edbi ch\u00fang t\u00f4i qua email t\u1ea1i\u00a0<em>sales@wolincooperage.com v\u00e0 cung c\u1ea5p<\/em>:<\/p>\n\n\n\n<p>S\u1ed1 \u0111\u01a1n h\u00e0ng<\/p>\n\n\n\n<p>H\u00ecnh \u1ea3nh r\u00f5 n\u00e9t c\u1ee7a s\u1ea3n ph\u1ea9m v\u00e0 m\u00f4 t\u1ea3 chi ti\u1ebft v\u1ec1 v\u1ea5n \u0111\u1ec1.<\/p>\n\n\n\n<p>Ch\u00fang t\u00f4i s\u1ebd xem x\u00e9t y\u00eau c\u1ea7u c\u1ee7a qu\u00fd kh\u00e1ch v\u00e0 th\u00f4ng b\u00e1o cho qu\u00fd kh\u00e1ch v\u1ec1 k\u1ebft qu\u1ea3 x\u00e9t duy\u1ec7t, sau \u0111\u00f3 cung c\u1ea5p \u0111\u1ecba ch\u1ec9 nh\u1eadn h\u00e0ng ho\u1eb7c h\u01b0\u1edbng d\u1eabn chi ti\u1ebft h\u01a1n.<br><strong>Xin vui l\u00f2ng kh\u00f4ng t\u1ef1 \u00fd g\u1eedi tr\u1ea3 l\u1ea1i s\u1ea3n ph\u1ea9m.<\/strong>&nbsp;H\u00e3y \u0111\u1ee3i cho \u0111\u1ebfn khi b\u1ea1n nh\u1eadn \u0111\u01b0\u1ee3c \u0111\u1ecba ch\u1ec9 tr\u1ea3 h\u00e0ng ch\u00ednh th\u1ee9c r\u1ed3i h\u00e3y ti\u1ebfn h\u00e0nh th\u1ee7 t\u1ee5c tr\u1ea3 h\u00e0ng.<\/p>\n\n\n\n<p><strong>IV. H\u1ed7 tr\u1ee3 d\u1ecbch v\u1ee5 kh\u00e1ch h\u00e0ng<\/strong><\/p>\n\n\n\n<p>Email:&nbsp;sales@wolincooperage.com<\/p>\n\n\n\n<p>Gi\u1edd l\u00e0m vi\u1ec7c: Th\u1ee9 Hai \u0111\u1ebfn Th\u1ee9 S\u00e1u, 8:00 \u2013 17:00 (Gi\u1edd B\u1eafc Kinh, GMT+8)<\/p>\n\n\n\n<p>Ch\u00fang t\u00f4i ch\u00e2n th\u00e0nh c\u1ea3m \u01a1n qu\u00fd kh\u00e1ch \u0111\u00e3 tin t\u01b0\u1edfng Wolin Cooperage v\u00e0 s\u1ebd lu\u00f4n n\u1ed7 l\u1ef1c mang \u0111\u1ebfn cho qu\u00fd kh\u00e1ch nh\u1eefng s\u1ea3n ph\u1ea9m v\u00e0 d\u1ecbch v\u1ee5 ch\u1ea5t l\u01b0\u1ee3ng cao!<\/p>\n\n\n\n<p><\/p>","protected":false},"excerpt":{"rendered":"<p>Wolin Cooperage Refund &amp; Return Policy Thank you for choosing Wolin Cooperage products. To ensure a worry-free shopping experience, we<\/p>","protected":false},"author":1,"featured_media":0,"parent":0,"menu_order":0,"comment_status":"closed","ping_status":"closed","template":"","meta":{"footnotes":""},"class_list":["post-3","page","type-page","status-publish","hentry"],"_links":{"self":[{"href":"https:\/\/wolinoakcask.com\/vi\/wp-json\/wp\/v2\/pages\/3","targetHints":{"allow":["GET"]}}],"collection":[{"href":"https:\/\/wolinoakcask.com\/vi\/wp-json\/wp\/v2\/pages"}],"about":[{"href":"https:\/\/wolinoakcask.com\/vi\/wp-json\/wp\/v2\/types\/page"}],"author":[{"embeddable":true,"href":"https:\/\/wolinoakcask.com\/vi\/wp-json\/wp\/v2\/users\/1"}],"replies":[{"embeddable":true,"href":"https:\/\/wolinoakcask.com\/vi\/wp-json\/wp\/v2\/comments?post=3"}],"version-history":[{"count":4,"href":"https:\/\/wolinoakcask.com\/vi\/wp-json\/wp\/v2\/pages\/3\/revisions"}],"predecessor-version":[{"id":17644,"href":"https:\/\/wolinoakcask.com\/vi\/wp-json\/wp\/v2\/pages\/3\/revisions\/17644"}],"wp:attachment":[{"href":"https:\/\/wolinoakcask.com\/vi\/wp-json\/wp\/v2\/media?parent=3"}],"curies":[{"name":"wp","href":"https:\/\/api.w.org\/{rel}","templated":true}]}}