{"id":16,"date":"2026-01-21T01:24:29","date_gmt":"2026-01-21T01:24:29","guid":{"rendered":"https:\/\/wolinoakcask.com\/?page_id=16"},"modified":"2026-02-27T02:42:38","modified_gmt":"2026-02-27T02:42:38","slug":"shipping-payment","status":"publish","type":"page","link":"https:\/\/wolinoakcask.com\/vi\/shipping-payment\/","title":{"rendered":"V\u1eadn chuy\u1ec3n &amp; Thanh to\u00e1n"},"content":{"rendered":"<h2 class=\"wp-block-heading\"><strong>Th\u00f4ng tin v\u1eadn chuy\u1ec3n<\/strong><strong><\/strong><\/h2>\n\n\n\n<p>T\u1ea1i WOLIN COOPERAGE, ch\u00fang t\u00f4i cam k\u1ebft mang \u0111\u1ebfn cho qu\u00fd kh\u00e1ch h\u00e0ng l\u1ef1a ch\u1ecdn v\u1eadn chuy\u1ec3n t\u1ed1t nh\u1ea5t.&nbsp;<\/p>\n\n\n\n<p><strong>1. <\/strong><strong>C\u00f3 th\u1ec3 <\/strong><strong>Nh\u00e0 m\u00e1y s\u1ea3n xu\u1ea5t th\u00f9ng g\u1ed7 WOLIN<\/strong>&nbsp;<strong>s<\/strong><strong>B\u1ea1n c\u00f3 bi\u1ebft v\u1ec1 \u0111\u1ea5t n\u01b0\u1edbc c\u1ee7a t\u00f4i kh\u00f4ng?<\/strong><\/p>\n\n\n\n<p>Ch\u00fang t\u00f4i ch\u1ee7 y\u1ebfu v\u1eadn chuy\u1ec3n h\u00e0ng h\u00f3a \u0111\u1ebfn c\u00e1c qu\u1ed1c gia sau:<\/p>\n\n\n\n<ul class=\"wp-block-list\">\n<li>Nh\u1eadt B\u1ea3n<\/li>\n\n\n\n<li>H\u00e0n Qu\u1ed1c<\/li>\n\n\n\n<li>Singapore<\/li>\n\n\n\n<li>Th\u00e1i Lan<\/li>\n\n\n\n<li>Vi\u1ec7t Nam<\/li>\n<\/ul>\n\n\n\n<p>N\u1ebfu b\u1ea1n \u0111ang \u1edf m\u1ed9t qu\u1ed1c gia kh\u00e1c, vui l\u00f2ng g\u1eedi email cho ch\u00fang t\u00f4i \u0111\u1ec3 \u0111\u01b0\u1ee3c t\u01b0 v\u1ea5n.<\/p>\n\n\n\n<p>\u0110\u1ecba ch\u1ec9 email: sales@wolincooperage.com<\/p>\n\n\n\n<p><strong>2. Chi ph\u00ed v\u1eadn chuy\u1ec3n l\u00e0 bao nhi\u00eau?<\/strong><\/p>\n\n\n\n<p>V\u00ec s\u1ea3n ph\u1ea9m c\u1ee7a ch\u00fang t\u00f4i c\u00f3 tr\u1ecdng l\u01b0\u1ee3ng r\u1ea5t \u0111a d\u1ea1ng, ch\u00fang t\u00f4i t\u00ednh ph\u00ed d\u1ef1a tr\u00ean tr\u1ecdng l\u01b0\u1ee3ng c\u1ee7a c\u00f4ng ty v\u1eadn chuy\u1ec3n. Ti\u00eau chu\u1ea9n t\u00ednh ph\u00ed kh\u00e1c nhau t\u00f9y theo qu\u1ed1c gia. Vui l\u00f2ng tham kh\u1ea3o c\u01b0\u1edbc ph\u00ed \u0111\u1ec3 bi\u1ebft s\u1ed1 ti\u1ec1n c\u1ee5 th\u1ec3.<br>PS. Ch\u00fang t\u00f4i c\u00f3 ch\u01b0\u01a1ng tr\u00ecnh mi\u1ec5n ph\u00ed v\u1eadn chuy\u1ec3n to\u00e0n b\u1ed9 website trong m\u00f9a sale. H\u00e3y theo d\u00f5i nh\u00e9!<\/p>\n\n\n\n<p><strong>3. Bao l\u00e2u th\u00ec \u0111\u01a1n h\u00e0ng c\u1ee7a t\u00f4i s\u1ebd \u0111\u1ebfn?<\/strong><\/p>\n\n\n\n<p>Th\u1eddi gian giao h\u00e0ng t\u1ed5ng c\u1ed9ng = Th\u1eddi gian x\u1eed l\u00fd + Th\u1eddi gian v\u1eadn chuy\u1ec3n<br>(Kh\u00f4ng bao g\u1ed3m c\u00e1c tr\u01b0\u1eddng h\u1ee3p ch\u1eadm tr\u1ec5 do h\u1ea3i quan, cu\u1ed1i tu\u1ea7n, ng\u00e0y l\u1ec5 v\u00e0 c\u00e1c t\u00ecnh hu\u1ed1ng b\u1ea5t ng\u1edd kh\u00e1c)<br>Th\u1eddi gian x\u1eed l\u00fd: 2-5 ng\u00e0y l\u00e0m vi\u1ec7c<br>Th\u1eddi gian v\u1eadn chuy\u1ec3n ti\u00eau chu\u1ea9n: 3-10 ng\u00e0y l\u00e0m vi\u1ec7c<\/p>\n\n\n\n<p><strong>4. L\u00e0m th\u1ebf n\u00e0o \u0111\u1ec3 t\u00f4i c\u00f3 th\u1ec3 theo d\u00f5i \u0111\u01a1n h\u00e0ng c\u1ee7a m\u00ecnh?<\/strong><\/p>\n\n\n\n<p>Sau khi \u0111\u01a1n h\u00e0ng c\u1ee7a b\u1ea1n \u0111\u01b0\u1ee3c giao, ch\u00fang t\u00f4i s\u1ebd g\u1eedi cho b\u1ea1n m\u1ed9t email v\u1edbi th\u00f4ng tin t\u01b0\u01a1ng \u1ee9ng. Sau \u0111\u00f3, b\u1ea1n c\u00f3 th\u1ec3 theo d\u00f5i \u0111\u01a1n h\u00e0ng c\u1ee7a m\u00ecnh t\u1ea1i&nbsp;<a href=\"https:\/\/wolinoakcask.com\/vi\/parcel-panel\/?wmc-currency=VND\"><u>https:\/\/wolinoakcask.com\/parcel-panel\/<\/u><\/a>. Vui l\u00f2ng cho ph\u00e9p 1-2 ng\u00e0y l\u00e0m vi\u1ec7c \u0111\u1ec3 th\u00f4ng tin theo d\u00f5i c\u00f3 s\u1eb5n.<\/p>\n\n\n\n<p><strong>5. N\u1ebfu g\u00f3i h\u00e0ng kh\u00f4ng \u0111\u1ebfn th\u00ec sao?<\/strong><\/p>\n\n\n\n<p>N\u1ebfu qu\u00fd kh\u00e1ch kh\u00f4ng nh\u1eadn \u0111\u01b0\u1ee3c g\u00f3i h\u00e0ng trong v\u00f2ng 30 ng\u00e0y k\u1ec3 t\u1eeb ng\u00e0y g\u00f3i h\u00e0ng \u0111\u01b0\u1ee3c g\u1eedi \u0111i, vui l\u00f2ng li\u00ean h\u1ec7 v\u1edbi ch\u00fang t\u00f4i qua \u0111\u1ecba ch\u1ec9 email: sales@wolincooperage.com. <strong>d Ti\u1ec1n t\u1ec7<\/strong><strong><\/strong><\/p>\n\n\n\n<p>Gi\u00e1 s\u1ea3n ph\u1ea9m c\u00f3 th\u1ec3 thay \u0111\u1ed5i t\u00f9y thu\u1ed9c v\u00e0o qu\u1ed1c gia v\u00e0 khu v\u1ef1c m\u00e0 \u0111\u01a1n h\u00e0ng \u0111\u01b0\u1ee3c v\u1eadn chuy\u1ec3n \u0111\u1ebfn, c\u0169ng nh\u01b0 lo\u1ea1i ti\u1ec1n t\u1ec7 \u0111\u01b0\u1ee3c s\u1eed d\u1ee5ng \u0111\u1ec3 thanh to\u00e1n cho s\u1ea3n ph\u1ea9m.<\/p>\n\n\n\n<p><strong>Ph\u01b0\u01a1ng th\u1ee9c thanh to\u00e1n<\/strong><\/p>\n\n\n\n<p>L\u01b0u \u00fd: M\u1ed7i giao d\u1ecbch ch\u1ec9 ch\u1ea5p nh\u1eadn m\u1ed9t ph\u01b0\u01a1ng th\u1ee9c thanh to\u00e1n.<\/p>\n\n\n\n<p>B\u1ea1n ph\u1ea3i tu\u00e2n th\u1ee7 c\u00e1c \u0111i\u1ec1u kho\u1ea3n c\u1ee7a t\u1ea5t c\u1ea3 c\u00e1c th\u1ecfa thu\u1eadn gi\u1eefa b\u1ea1n v\u00e0 c\u00e1c nh\u00e0 cung c\u1ea5p d\u1ecbch v\u1ee5 thanh to\u00e1n b\u00ean th\u1ee9 ba, v\u00e0 n\u1ebfu c\u00f3 b\u1ea5t k\u1ef3 tranh ch\u1ea5p n\u00e0o li\u00ean quan \u0111\u1ebfn vi\u1ec7c x\u1eed l\u00fd thanh to\u00e1n c\u1ee7a b\u1ea1n, b\u1ea1n ph\u1ea3i tr\u1ef1c ti\u1ebfp gi\u1ea3i quy\u1ebft v\u1edbi c\u00e1c b\u00ean th\u1ee9 ba \u0111\u00f3 \u0111\u1ec3 gi\u1ea3i quy\u1ebft tranh ch\u1ea5p. B\u1ea1n \u1ee7y quy\u1ec1n cho ch\u00fang t\u00f4i thu ph\u00ed t\u1ea5t c\u1ea3 c\u00e1c kho\u1ea3n ti\u1ec1n v\u00e0o ph\u01b0\u01a1ng th\u1ee9c thanh to\u00e1n m\u00e0 b\u1ea1n cung c\u1ea5p cho ch\u00fang t\u00f4i. B\u1ea1n cam k\u1ebft v\u00e0 \u0111\u1ea3m b\u1ea3o r\u1eb1ng m\u1ed7i th\u1ebb t\u00edn d\u1ee5ng ho\u1eb7c ph\u01b0\u01a1ng th\u1ee9c thanh to\u00e1n kh\u00e1c m\u00e0 b\u1ea1n s\u1eed d\u1ee5ng \u0111\u1ec3 thanh to\u00e1n cho ch\u00fang t\u00f4i thu\u1ed9c s\u1edf h\u1eefu c\u1ee7a b\u1ea1n, v\u00e0 b\u1ea1n c\u00f3 quy\u1ec1n ghi n\u1ee3 t\u1ea5t c\u1ea3 c\u00e1c kho\u1ea3n thanh to\u00e1n \u0111\u00f3 tr\u00ean th\u1ebb t\u00edn d\u1ee5ng ho\u1eb7c ph\u01b0\u01a1ng th\u1ee9c thanh to\u00e1n kh\u00e1c.<\/p>\n\n\n\n<p>Kh\u1eafc ph\u1ee5c s\u1ef1 c\u1ed1 thanh to\u00e1n<\/p>\n\n\n\n<p>N\u1ebfu b\u1ea1n nh\u1eadn \u0111\u01b0\u1ee3c m\u1ed9t trong c\u00e1c th\u00f4ng b\u00e1o l\u1ed7i sau \u0111\u00e2y khi c\u1ed1 g\u1eafng thanh to\u00e1n, vui l\u00f2ng tham kh\u1ea3o c\u00e1c h\u01b0\u1edbng d\u1eabn d\u01b0\u1edbi \u0111\u00e2y:<\/p>\n\n\n\n<p><\/p>\n\n\n\n<figure class=\"wp-block-table has-medium-font-size\"><table class=\"has-fixed-layout\"><tbody><tr><td><strong>m\u00e3<\/strong><\/td><td><strong>gi\u1ea3i ph\u00e1p<\/strong><\/td><\/tr><tr><td>80036\/80039\/80053\/80090<\/td><td>H\u00e3y li\u00ean h\u1ec7 v\u1edbi ng\u00e2n h\u00e0ng c\u1ee7a b\u1ea1n tr\u01b0\u1edbc khi th\u1ef1c hi\u1ec7n giao d\u1ecbch thanh to\u00e1n kh\u00e1c, ho\u1eb7c th\u1eed s\u1eed d\u1ee5ng ph\u01b0\u01a1ng th\u1ee9c thanh to\u00e1n kh\u00e1c.<\/td><\/tr><tr><td>C\u00e1c m\u00e3 l\u1ed7i kh\u00e1c b\u1eaft \u0111\u1ea7u b\u1eb1ng 800<\/td><td>Li\u00ean h\u1ec7 v\u1edbi ng\u00e2n h\u00e0ng c\u1ee7a b\u1ea1n \u0111\u1ec3 h\u1ecd c\u00f3 th\u1ec3 x\u00e1c nh\u1eadn giao d\u1ecbch ho\u1eb7c s\u1eed d\u1ee5ng th\u1ebb kh\u00e1c \u0111\u1ec3 thanh to\u00e1n. N\u1ebfu v\u1ea5n \u0111\u1ec1 v\u1eabn ti\u1ebfp di\u1ec5n, vui l\u00f2ng li\u00ean h\u1ec7 v\u1edbi \u0111\u1ed9i ng\u0169 Ch\u0103m s\u00f3c Kh\u00e1ch h\u00e0ng c\u1ee7a ch\u00fang t\u00f4i.<\/td><\/tr><tr><td>M\u00e3 l\u1ed7i b\u1eaft \u0111\u1ea7u b\u1eb1ng 100<\/td><td>Li\u00ean h\u1ec7 v\u1edbi \u0111\u1ed9i ng\u0169 Ch\u0103m s\u00f3c Kh\u00e1ch h\u00e0ng c\u1ee7a ch\u00fang t\u00f4i.<\/td><\/tr><tr><td>M\u00e3 l\u1ed7i b\u1eaft \u0111\u1ea7u b\u1eb1ng 200<\/td><td>Li\u00ean h\u1ec7 v\u1edbi \u0111\u1ed9i ng\u0169 Ch\u0103m s\u00f3c Kh\u00e1ch h\u00e0ng c\u1ee7a ch\u00fang t\u00f4i.<\/td><\/tr><tr><td>M\u00e3 l\u1ed7i b\u1eaft \u0111\u1ea7u b\u1eb1ng 300<\/td><td>Li\u00ean h\u1ec7 v\u1edbi \u0111\u1ed9i ng\u0169 Ch\u0103m s\u00f3c Kh\u00e1ch h\u00e0ng c\u1ee7a ch\u00fang t\u00f4i.<\/td><\/tr><\/tbody><\/table><\/figure>\n\n\n\n<p>\u0110\u1ed9i ng\u0169 Ch\u0103m s\u00f3c Kh\u00e1ch h\u00e0ng: sales@wolincooperage.com<\/p>\n\n\n\n<p><\/p>","protected":false},"excerpt":{"rendered":"<p>Shipping Information At WOLIN COOPERAGE, we aim to offer you the best shipping option.&nbsp; 1. Can WOLIN COOPERAGE&nbsp;ship to my<\/p>","protected":false},"author":1,"featured_media":0,"parent":0,"menu_order":0,"comment_status":"closed","ping_status":"closed","template":"","meta":{"footnotes":""},"class_list":["post-16","page","type-page","status-publish","hentry"],"_links":{"self":[{"href":"https:\/\/wolinoakcask.com\/vi\/wp-json\/wp\/v2\/pages\/16","targetHints":{"allow":["GET"]}}],"collection":[{"href":"https:\/\/wolinoakcask.com\/vi\/wp-json\/wp\/v2\/pages"}],"about":[{"href":"https:\/\/wolinoakcask.com\/vi\/wp-json\/wp\/v2\/types\/page"}],"author":[{"embeddable":true,"href":"https:\/\/wolinoakcask.com\/vi\/wp-json\/wp\/v2\/users\/1"}],"replies":[{"embeddable":true,"href":"https:\/\/wolinoakcask.com\/vi\/wp-json\/wp\/v2\/comments?post=16"}],"version-history":[{"count":3,"href":"https:\/\/wolinoakcask.com\/vi\/wp-json\/wp\/v2\/pages\/16\/revisions"}],"predecessor-version":[{"id":17704,"href":"https:\/\/wolinoakcask.com\/vi\/wp-json\/wp\/v2\/pages\/16\/revisions\/17704"}],"wp:attachment":[{"href":"https:\/\/wolinoakcask.com\/vi\/wp-json\/wp\/v2\/media?parent=16"}],"curies":[{"name":"wp","href":"https:\/\/api.w.org\/{rel}","templated":true}]}}